{"id":828,"date":"2017-01-04T19:48:30","date_gmt":"2017-01-04T16:48:30","guid":{"rendered":"https:\/\/www.visioneyes.ro\/?post_type=product&#038;p=828"},"modified":"2017-02-16T17:56:08","modified_gmt":"2017-02-16T14:56:08","slug":"rama-ochelari-de-vedere-carrera-ca6653-kun-140","status":"publish","type":"product","link":"https:\/\/www.visioneyes.ro\/en\/shop-online\/rama-ochelari-de-vedere-carrera-ca6653-kun-140\/","title":{"rendered":"Rama ochelari de vedere Carrera CA6653 KUN 140"},"content":{"rendered":"<div class=\"eoFontsizeXL eoTextBold\">CA 6653 Informa\u0162ii modele<\/div>\n<div class=\"eoEmptyBorderBox\"><\/div>\n<table class=\"eoDetailPropertyListTable\" width=\"95%\">\n<tbody>\n<tr class=\"eoDetailItem eoFontSizeS\">\n<td>Dimensiuni &amp; Detalii<\/td>\n<td><span id=\"InfoSizeLabel454589\" class=\"sizeInfoRows\">M<\/span><span class=\"sizeInfoRowsMargin\">\/<\/span><span id=\"InfoSizeLabel454590\" class=\"sizeInfoRows\">L<\/span><span class=\"sizeInfoRowsMargin\">\/<\/span><span id=\"InfoSizeLabel454588\" class=\"sizeInfoRows\">XL<\/span><\/td>\n<\/tr>\n<tr class=\"eoDetailItem eoFontSizeS\">\n<td>Dimensiunea lentilei<\/td>\n<td><span id=\"InfoLensSize454589\" class=\"sizeInfoRows\">50<\/span><span class=\"sizeInfoRowsMargin\">\/<\/span><span id=\"InfoLensSize454590\" class=\"sizeInfoRows\">52<\/span><span class=\"sizeInfoRowsMargin\">\/<\/span><span id=\"InfoLensSize454588\" class=\"sizeInfoRows\">54<\/span><\/td>\n<\/tr>\n<tr class=\"eoDetailItem eoFontSizeS\">\n<td>Dimensiunea ramei \u00eentre lentile<\/td>\n<td><span id=\"InfoBridgeSize454589\" class=\"sizeInfoRows\">18<\/span><span class=\"sizeInfoRowsMargin\">\/<\/span><span id=\"InfoBridgeSize454590\" class=\"sizeInfoRows\">18<\/span><span class=\"sizeInfoRowsMargin\">\/<\/span><span id=\"InfoBridgeSize454588\" class=\"sizeInfoRows\">18<\/span><\/td>\n<\/tr>\n<tr class=\"eoDetailItem eoFontSizeS\">\n<td>Lungimea tijei<\/td>\n<td><span id=\"InfoTempleSize454589\" class=\"sizeInfoRows\">140<\/span><span class=\"sizeInfoRowsMargin\">\/<\/span><span id=\"InfoTempleSize454590\" class=\"sizeInfoRows\">140<\/span><span class=\"sizeInfoRowsMargin\">\/<\/span><span id=\"InfoTempleSize454588\" class=\"sizeInfoRows\">145<\/span><\/td>\n<\/tr>\n<tr class=\"eoDetailItem eoFontSizeS\">\n<td class=\"eoDetailFeatureName\">Genul<\/td>\n<td class=\"eoDetailFeature\">Femei \u015fi B\u0103rba\u0163i<\/td>\n<\/tr>\n<tr class=\"eoDetailItem eoFontSizeS\">\n<td class=\"eoDetailFeatureName\">Tipul ramei<\/td>\n<td class=\"eoDetailFeature\">Ram\u0103 complet\u0103<\/td>\n<\/tr>\n<tr class=\"eoDetailItem eoFontSizeS\">\n<td class=\"eoDetailFeatureName\">Form\u0103 rame<\/td>\n<td class=\"eoDetailFeature\">Rectangle<\/td>\n<\/tr>\n<tr class=\"eoDetailItem eoFontSizeS\">\n<td class=\"eoDetailFeatureName\">Material rame<\/td>\n<td class=\"eoDetailFeature\">Plastic<\/td>\n<\/tr>\n<\/tbody>\n<\/table>\n<p>\u200cCA6653\/KUN Ochelari de design<\/p>\n<p>Termenul de \u201eajutor vizual\u201c este total neinspirat pentru modelul CA6653. Cu aceast\u0103 pereche de ochelariai achizi\u0163ionat un accesoriu, care i\u0163i va revolu\u0163iona stilul personal, dovedind c\u0103 ai un gust aparte \u00een materie de mod\u0103! Modelul CA6653 este lansat de cur\u00e2nd pe pia\u0163\u0103 \u00een 2016, a\u015fa \u00eenc\u00e2t cu siguran\u0163\u0103 vei fi la ultimul r\u0103cnet cu ace\u015fti ochelari. \u00cen cazul modelului CA6653 po\u0163i alege \u00eentre urm\u0103toarele m\u0103rimi: 50 mm, 52 mm, 54 mm. Po\u0163i comanda cu \u00eencredere, chiar \u015fi dac\u0103 nu crezi c\u0103 ai g\u0103sit exact perechea potrivit\u0103 de ochelari, deoarece po\u0163i s\u0103 ne trimi\u0163i f\u0103r\u0103 probleme, gratis, articolele nepotrivite \u00eenapoi! Modelul de ochelari CA6653 este disponibil \u00een shop-ul online OptiEyes \u015fi \u00een alte variante \u015fic de la Carrera, din colec\u0163iile 2015 \u015fi 2016.<\/p>\n<p>Noua comanda a furnizorilor no\u015ftri este deja pe drum, astfel modelul <b>Carrera<\/b> preferat de tine va fi cur\u00e2nd pe stoc. Noi sper\u0103m c\u0103 pre\u0163ul incredibil de convenabil va alina faptul c\u0103 a trebuit s\u0103 a\u015ftep\u0163i pu\u0163in. \u00cen magazinul nostru online beneficiezi constant de de pre\u0163uri mici. Acest model CA6653 nu-l vei g\u0103si nici m\u0103car la reducere at\u00e2t de avantajos.<\/p>\n<p>Mai mult dec\u00e2t at\u00e2t, la noi po\u0163i cump\u0103ra lentilele perfecte de vedere, la un pre\u0163 imbatabil. Tot ceea de ce ai nevoie sunt valorile actuale de dioptrii, care \u00ee\u0163i pot fi furnizate de un doctor oftalmolog de \u00eencredere sau poti venii in magazinul nostru din Vulcan Value Centre pentru o determinare de dioptrii.<\/p>\n","protected":false},"excerpt":{"rendered":"<p>CA 6653 Informa\u0162ii modele Dimensiuni &amp; Detalii M\/L\/XL Dimensiunea lentilei 50\/52\/54 Dimensiunea ramei \u00eentre lentile 18\/18\/18 Lungimea tijei 140\/140\/145 Genul Femei \u015fi B\u0103rba\u0163i Tipul ramei Ram\u0103 complet\u0103 Form\u0103 rame Rectangle Material rame Plastic \u200cCA6653\/KUN Ochelari de design Termenul de \u201eajutor vizual\u201c este total neinspirat pentru modelul CA6653. Cu aceast\u0103 pereche de ochelariai achizi\u0163ionat un accesoriu, [&#8230;]\n","protected":false},"featured_media":829,"comment_status":"open","ping_status":"closed","template":"","meta":[],"yoast_head":"<!-- This site is optimized with the Yoast SEO plugin v15.5 - https:\/\/yoast.com\/wordpress\/plugins\/seo\/ -->\n<title>Rama ochelari de vedere Carrera CA6653 KUN 140 - Sun glasses, Contact Lenses, Eye glasses, Eyeglass Frames | VisionEyes<\/title>\n<meta name=\"robots\" content=\"index, follow, max-snippet:-1, max-image-preview:large, max-video-preview:-1\" \/>\n<link rel=\"canonical\" href=\"https:\/\/www.visioneyes.ro\/shop-online\/rama-ochelari-de-vedere-carrera-ca6653-kun-140\/\" \/>\n<meta property=\"og:locale\" content=\"en_US\" \/>\n<meta property=\"og:type\" content=\"article\" \/>\n<meta property=\"og:title\" content=\"Rama ochelari de vedere Carrera CA6653 KUN 140 - Sun glasses, Contact Lenses, Eye glasses, Eyeglass Frames | VisionEyes\" \/>\n<meta property=\"og:description\" content=\"CA 6653 Informa\u0162ii modele Dimensiuni &amp; Detalii M\/L\/XL Dimensiunea lentilei 50\/52\/54 Dimensiunea ramei \u00eentre lentile 18\/18\/18 Lungimea tijei 140\/140\/145 Genul Femei \u015fi B\u0103rba\u0163i Tipul ramei Ram\u0103 complet\u0103 Form\u0103 rame Rectangle Material rame Plastic \u200cCA6653\/KUN Ochelari de design Termenul de \u201eajutor vizual\u201c este total neinspirat pentru modelul CA6653. Cu aceast\u0103 pereche de ochelariai achizi\u0163ionat un accesoriu, [...]\" \/>\n<meta property=\"og:url\" content=\"https:\/\/www.visioneyes.ro\/shop-online\/rama-ochelari-de-vedere-carrera-ca6653-kun-140\/\" \/>\n<meta property=\"og:site_name\" content=\"Sun glasses, Contact Lenses, Eye glasses, Eyeglass Frames | VisionEyes\" \/>\n<meta property=\"article:modified_time\" content=\"2017-02-16T14:56:08+00:00\" \/>\n<meta property=\"og:image\" content=\"https:\/\/www.visioneyes.ro\/wp-content\/uploads\/Carrera-CA6653-KUN.jpg\" \/>\n\t<meta property=\"og:image:width\" content=\"600\" \/>\n\t<meta property=\"og:image:height\" content=\"312\" \/>\n<meta name=\"twitter:card\" content=\"summary_large_image\" \/>\n<meta name=\"twitter:label1\" content=\"Est. reading time\">\n\t<meta name=\"twitter:data1\" content=\"1 minute\">\n<script type=\"application\/ld+json\" class=\"yoast-schema-graph\">{\"@context\":\"https:\/\/schema.org\",\"@graph\":[{\"@type\":\"WebSite\",\"@id\":\"https:\/\/www.visioneyes.ro\/#website\",\"url\":\"https:\/\/www.visioneyes.ro\/\",\"name\":\"Sun glasses, Contact Lenses, Eye glasses, Eyeglass Frames | VisionEyes\",\"description\":\"\",\"potentialAction\":[{\"@type\":\"SearchAction\",\"target\":\"https:\/\/www.visioneyes.ro\/?s={search_term_string}\",\"query-input\":\"required name=search_term_string\"}],\"inLanguage\":\"en-US\"},{\"@type\":\"ImageObject\",\"@id\":\"https:\/\/www.visioneyes.ro\/shop-online\/rama-ochelari-de-vedere-carrera-ca6653-kun-140\/#primaryimage\",\"inLanguage\":\"en-US\",\"url\":\"https:\/\/www.visioneyes.ro\/wp-content\/uploads\/Carrera-CA6653-KUN.jpg\",\"width\":600,\"height\":312},{\"@type\":\"WebPage\",\"@id\":\"https:\/\/www.visioneyes.ro\/shop-online\/rama-ochelari-de-vedere-carrera-ca6653-kun-140\/#webpage\",\"url\":\"https:\/\/www.visioneyes.ro\/shop-online\/rama-ochelari-de-vedere-carrera-ca6653-kun-140\/\",\"name\":\"Rama ochelari de vedere Carrera CA6653 KUN 140 - Sun glasses, Contact Lenses, Eye glasses, Eyeglass Frames | VisionEyes\",\"isPartOf\":{\"@id\":\"https:\/\/www.visioneyes.ro\/#website\"},\"primaryImageOfPage\":{\"@id\":\"https:\/\/www.visioneyes.ro\/shop-online\/rama-ochelari-de-vedere-carrera-ca6653-kun-140\/#primaryimage\"},\"datePublished\":\"2017-01-04T16:48:30+00:00\",\"dateModified\":\"2017-02-16T14:56:08+00:00\",\"inLanguage\":\"en-US\",\"potentialAction\":[{\"@type\":\"ReadAction\",\"target\":[\"https:\/\/www.visioneyes.ro\/shop-online\/rama-ochelari-de-vedere-carrera-ca6653-kun-140\/\"]}]}]}<\/script>\n<!-- \/ Yoast SEO plugin. -->","_links":{"self":[{"href":"https:\/\/www.visioneyes.ro\/en\/wp-json\/wp\/v2\/product\/828"}],"collection":[{"href":"https:\/\/www.visioneyes.ro\/en\/wp-json\/wp\/v2\/product"}],"about":[{"href":"https:\/\/www.visioneyes.ro\/en\/wp-json\/wp\/v2\/types\/product"}],"replies":[{"embeddable":true,"href":"https:\/\/www.visioneyes.ro\/en\/wp-json\/wp\/v2\/comments?post=828"}],"wp:featuredmedia":[{"embeddable":true,"href":"https:\/\/www.visioneyes.ro\/en\/wp-json\/wp\/v2\/media\/829"}],"wp:attachment":[{"href":"https:\/\/www.visioneyes.ro\/en\/wp-json\/wp\/v2\/media?parent=828"}],"curies":[{"name":"wp","href":"https:\/\/api.w.org\/{rel}","templated":true}]}}