{"id":831,"date":"2017-01-04T20:00:34","date_gmt":"2017-01-04T17:00:34","guid":{"rendered":"https:\/\/www.visioneyes.ro\/?post_type=product&#038;p=831"},"modified":"2017-02-16T17:56:08","modified_gmt":"2017-02-16T14:56:08","slug":"rama-ochelari-de-vedere-carrera-ca6653-gps","status":"publish","type":"product","link":"https:\/\/www.visioneyes.ro\/en\/shop-online\/rama-ochelari-de-vedere-carrera-ca6653-gps\/","title":{"rendered":"Rama ochelari de vedere Carrera CA6653 GPS"},"content":{"rendered":"<div class=\"eoFontsizeXL eoTextBold\">CA 6653 Informa\u0162ii modele<\/div>\n<div class=\"eoEmptyBorderBox\"><\/div>\n<table class=\"eoDetailPropertyListTable\" width=\"95%\">\n<tbody>\n<tr class=\"eoDetailItem eoFontSizeS\">\n<td>Dimensiuni &amp; Detalii<\/td>\n<td><span id=\"InfoSizeLabel454586\" class=\"sizeInfoRows\">M<\/span><span class=\"sizeInfoRowsMargin\">\/<\/span><span id=\"InfoSizeLabel454587\" class=\"sizeInfoRows\">L<\/span><span class=\"sizeInfoRowsMargin\">\/<\/span><span id=\"InfoSizeLabel454585\" class=\"sizeInfoRows\">XL<\/span><\/td>\n<\/tr>\n<tr class=\"eoDetailItem eoFontSizeS\">\n<td>Dimensiunea lentilei<\/td>\n<td><span id=\"InfoLensSize454586\" class=\"sizeInfoRows\">50<\/span><span class=\"sizeInfoRowsMargin\">\/<\/span><span id=\"InfoLensSize454587\" class=\"sizeInfoRows\">52<\/span><span class=\"sizeInfoRowsMargin\">\/<\/span><span id=\"InfoLensSize454585\" class=\"sizeInfoRows\">54<\/span><\/td>\n<\/tr>\n<tr class=\"eoDetailItem eoFontSizeS\">\n<td>Dimensiunea ramei \u00eentre lentile<\/td>\n<td><span id=\"InfoBridgeSize454586\" class=\"sizeInfoRows\">18<\/span><span class=\"sizeInfoRowsMargin\">\/<\/span><span id=\"InfoBridgeSize454587\" class=\"sizeInfoRows\">18<\/span><span class=\"sizeInfoRowsMargin\">\/<\/span><span id=\"InfoBridgeSize454585\" class=\"sizeInfoRows\">18<\/span><\/td>\n<\/tr>\n<tr class=\"eoDetailItem eoFontSizeS\">\n<td>Lungimea tijei<\/td>\n<td><span id=\"InfoTempleSize454586\" class=\"sizeInfoRows\">140<\/span><span class=\"sizeInfoRowsMargin\">\/<\/span><span id=\"InfoTempleSize454587\" class=\"sizeInfoRows\">140<\/span><span class=\"sizeInfoRowsMargin\">\/<\/span><span id=\"InfoTempleSize454585\" class=\"sizeInfoRows\">145<\/span><\/td>\n<\/tr>\n<tr class=\"eoDetailItem eoFontSizeS\">\n<td class=\"eoDetailFeatureName\">Genul<\/td>\n<td class=\"eoDetailFeature\">Femei \u015fi B\u0103rba\u0163i<\/td>\n<\/tr>\n<tr class=\"eoDetailItem eoFontSizeS\">\n<td class=\"eoDetailFeatureName\">Tipul ramei<\/td>\n<td class=\"eoDetailFeature\">Ram\u0103 complet\u0103<\/td>\n<\/tr>\n<tr class=\"eoDetailItem eoFontSizeS\">\n<td class=\"eoDetailFeatureName\">Form\u0103 rame<\/td>\n<td class=\"eoDetailFeature\">Rectangle<\/td>\n<\/tr>\n<tr class=\"eoDetailItem eoFontSizeS\">\n<td class=\"eoDetailFeatureName\">Material rame<\/td>\n<td class=\"eoDetailFeature\"><a href=\"https:\/\/www.visioneyes.ro\/magazin-online\/rame-de-ochelari\/rama-ochelari-de-vedere-carrera-ca6653-gps\/\">Plastic<\/a><\/td>\n<\/tr>\n<tr class=\"eoDetailItem eoFontSizeS\">\n<td class=\"eoDetailFeatureName\">Culoare<\/td>\n<td class=\"eoDetailFeature\"><a href=\"https:\/\/www.visioneyes.ro\/magazin-online\/rame-de-ochelari\/rama-ochelari-de-vedere-carrera-ca6653-gps\/\">Maro<\/a>, <a href=\"https:\/\/www.visioneyes.ro\/magazin-online\/rame-de-ochelari\/rama-ochelari-de-vedere-carrera-ca6653-gps\/\">Havana<\/a><\/td>\n<\/tr>\n<\/tbody>\n<\/table>\n<p>\u200cCA6653\/GPS Ochelari de design<\/p>\n<p>Termenul de \u201eajutor vizual\u201c este total neinspirat pentru modelul CA6653. Cu aceast\u0103 pereche de ochelariai achizi\u0163ionat un accesoriu, care i\u0163i va revolu\u0163iona stilul personal, dovedind c\u0103 ai un gust aparte \u00een materie de mod\u0103! Cu acest nou model de la Carrera po\u0163i demonstra c\u0103 e\u015fti un \u201etrend-setter\u201c veritabil. Chiar \u015fi \u00een sezonul actual, acest brand reu\u015fe\u015fte s\u0103 se impun\u0103 prin colec\u0163ia sa, stabilind un trend deosebit pentru 2016. Modelul CA6653 este disponibil \u00een m\u0103rimile 50 mm, 52 mm, 54 mm. Cu ajutorul cuponului de returnare, pe care \u0163i-l punem la dispozi\u0163ie, po\u0163i s\u0103 ne trimi\u0163i gratuit ochelarii \u00eenapoi, \u00een cazul \u00een care nu se potrivesc. Modelul de ochelari CA6653 este disponibil \u00een shop-ul online OptiEyes \u015fi \u00een alte variante \u015fic de la Carrera, din colec\u0163iile 2015 \u015fi 2016.<\/p>\n<p>Ace\u015fti Ochelari de vedere sunt at\u00e2t pentru <a href=\"https:\/\/www.visioneyes.ro\/magazin-online\/rame-de-ochelari\/rama-ochelari-de-vedere-carrera-ca6653-gps\/\"><b>femei<\/b><\/a> c\u00e2t \u015fi pentru <a href=\"https:\/\/www.visioneyes.ro\/magazin-online\/rame-de-ochelari\/rama-ochelari-de-vedere-carrera-ca6653-gps\/\"><b>b\u0103rba\u0163i<\/b><\/a> un accesoriu care garanteaz\u0103 un look \u015fi o vedere impecabil\u0103. Ochelarii sunt un accesoriu \u201ein\u201c. Extrem de iubite fiind modelele cu ramele <b>complete<\/b>, c\u0103 doar se \u015ftie: doar lucrurile \u00eentregi \u00ee\u015fi merit\u0103 pre\u0163ul! \u00cen acest caz nu va fi pl\u0103tit\u0103 doar robuste\u0163ea, ci \u015fi calitatea vizibilit\u0103\u0163ii dat\u0103 de design \u015fi materiale, care este cu siguran\u0163\u0103 la mare \u00een\u0103l\u0163ime. Ramele cu <a href=\"https:\/\/www.visioneyes.ro\/magazin-online\/rame-de-ochelari\/rama-ochelari-de-vedere-carrera-ca6653-gps\/\"><b>form\u0103 rectangular\u0103<\/b><\/a> emit un sentiment de putere \u015fi de \u00eencredere total\u0103 de sine. \u00cen special \u00een cazul fe\u0163elor cu form\u0103 rotund\u0103, forma <a href=\"https:\/\/www.visioneyes.ro\/magazin-online\/rame-de-ochelari\/rama-ochelari-de-vedere-carrera-ca6653-gps\/\"><b>dreptunghiular\u0103<\/b><\/a> a ochelarilor creeaz\u0103 un punct de contrast interesant. <b>Plasticul<\/b> este un material extrem de u\u015for \u015fi flexibil. Acest fapt confer\u0103 ramelor o durabilitate pe via\u0163\u0103 \u015fi un confort maxim la purtare. <b>Maro<\/b> este actual o culoare trendy \u015fi totodat\u0103 un <b>\u201eevergreen\u201c<\/b> absolut (chiar dac\u0103 <b>\u201everde\u201c<\/b> este de asemenea o culoare). Aceast\u0103 culoare confer\u0103 un contrast echilibrat \u00eentre nuan\u0163a pielii \u015fi cea a ramelor, astfel \u00eenc\u00e2t ochelarii devin o parte integrat\u0103, discret\u0103 \u015fi armonioas\u0103 \u00een cadrul chipului.<\/p>\n<p>Mai mult dec\u00e2t at\u00e2t, la noi po\u0163i cump\u0103ra lentilele perfecte de vedere, la un pre\u0163 imbatabil. Tot ceea de ce ai nevoie sunt valorile actuale de dioptrii, care \u00ee\u0163i pot fi furnizate de un doctor oftalmolog de \u00eencredere sau poti venii in magazinul nostru din Vulcan Value Centre pentru o determinare de dioptrii.<\/p>\n<p>&nbsp;<\/p>\n","protected":false},"excerpt":{"rendered":"<p>CA 6653 Informa\u0162ii modele Dimensiuni &amp; Detalii M\/L\/XL Dimensiunea lentilei 50\/52\/54 Dimensiunea ramei \u00eentre lentile 18\/18\/18 Lungimea tijei 140\/140\/145 Genul Femei \u015fi B\u0103rba\u0163i Tipul ramei Ram\u0103 complet\u0103 Form\u0103 rame Rectangle Material rame Plastic Culoare Maro, Havana \u200cCA6653\/GPS Ochelari de design Termenul de \u201eajutor vizual\u201c este total neinspirat pentru modelul CA6653. Cu aceast\u0103 pereche de ochelariai [&#8230;]\n","protected":false},"featured_media":832,"comment_status":"open","ping_status":"closed","template":"","meta":[],"yoast_head":"<!-- This site is optimized with the Yoast SEO plugin v15.5 - https:\/\/yoast.com\/wordpress\/plugins\/seo\/ -->\n<title>Rama ochelari de vedere Carrera CA6653 GPS - Sun glasses, Contact Lenses, Eye glasses, Eyeglass Frames | VisionEyes<\/title>\n<meta name=\"robots\" content=\"index, follow, max-snippet:-1, max-image-preview:large, max-video-preview:-1\" \/>\n<link rel=\"canonical\" href=\"https:\/\/www.visioneyes.ro\/shop-online\/rama-ochelari-de-vedere-carrera-ca6653-gps\/\" \/>\n<meta property=\"og:locale\" content=\"en_US\" \/>\n<meta property=\"og:type\" content=\"article\" \/>\n<meta property=\"og:title\" content=\"Rama ochelari de vedere Carrera CA6653 GPS - Sun glasses, Contact Lenses, Eye glasses, Eyeglass Frames | VisionEyes\" \/>\n<meta property=\"og:description\" content=\"CA 6653 Informa\u0162ii modele Dimensiuni &amp; Detalii M\/L\/XL Dimensiunea lentilei 50\/52\/54 Dimensiunea ramei \u00eentre lentile 18\/18\/18 Lungimea tijei 140\/140\/145 Genul Femei \u015fi B\u0103rba\u0163i Tipul ramei Ram\u0103 complet\u0103 Form\u0103 rame Rectangle Material rame Plastic Culoare Maro, Havana \u200cCA6653\/GPS Ochelari de design Termenul de \u201eajutor vizual\u201c este total neinspirat pentru modelul CA6653. Cu aceast\u0103 pereche de ochelariai [...]\" \/>\n<meta property=\"og:url\" content=\"https:\/\/www.visioneyes.ro\/shop-online\/rama-ochelari-de-vedere-carrera-ca6653-gps\/\" \/>\n<meta property=\"og:site_name\" content=\"Sun glasses, Contact Lenses, Eye glasses, Eyeglass Frames | VisionEyes\" \/>\n<meta property=\"article:modified_time\" content=\"2017-02-16T14:56:08+00:00\" \/>\n<meta property=\"og:image\" content=\"https:\/\/www.visioneyes.ro\/wp-content\/uploads\/Carrera-CA6653-GPS.jpg\" \/>\n\t<meta property=\"og:image:width\" content=\"600\" \/>\n\t<meta property=\"og:image:height\" content=\"312\" \/>\n<meta name=\"twitter:card\" content=\"summary_large_image\" \/>\n<meta name=\"twitter:label1\" content=\"Est. reading time\">\n\t<meta name=\"twitter:data1\" content=\"2 minutes\">\n<script type=\"application\/ld+json\" class=\"yoast-schema-graph\">{\"@context\":\"https:\/\/schema.org\",\"@graph\":[{\"@type\":\"WebSite\",\"@id\":\"https:\/\/www.visioneyes.ro\/#website\",\"url\":\"https:\/\/www.visioneyes.ro\/\",\"name\":\"Sun glasses, Contact Lenses, Eye glasses, Eyeglass Frames | VisionEyes\",\"description\":\"\",\"potentialAction\":[{\"@type\":\"SearchAction\",\"target\":\"https:\/\/www.visioneyes.ro\/?s={search_term_string}\",\"query-input\":\"required name=search_term_string\"}],\"inLanguage\":\"en-US\"},{\"@type\":\"ImageObject\",\"@id\":\"https:\/\/www.visioneyes.ro\/shop-online\/rama-ochelari-de-vedere-carrera-ca6653-gps\/#primaryimage\",\"inLanguage\":\"en-US\",\"url\":\"https:\/\/www.visioneyes.ro\/wp-content\/uploads\/Carrera-CA6653-GPS.jpg\",\"width\":600,\"height\":312},{\"@type\":\"WebPage\",\"@id\":\"https:\/\/www.visioneyes.ro\/shop-online\/rama-ochelari-de-vedere-carrera-ca6653-gps\/#webpage\",\"url\":\"https:\/\/www.visioneyes.ro\/shop-online\/rama-ochelari-de-vedere-carrera-ca6653-gps\/\",\"name\":\"Rama ochelari de vedere Carrera CA6653 GPS - Sun glasses, Contact Lenses, Eye glasses, Eyeglass Frames | VisionEyes\",\"isPartOf\":{\"@id\":\"https:\/\/www.visioneyes.ro\/#website\"},\"primaryImageOfPage\":{\"@id\":\"https:\/\/www.visioneyes.ro\/shop-online\/rama-ochelari-de-vedere-carrera-ca6653-gps\/#primaryimage\"},\"datePublished\":\"2017-01-04T17:00:34+00:00\",\"dateModified\":\"2017-02-16T14:56:08+00:00\",\"inLanguage\":\"en-US\",\"potentialAction\":[{\"@type\":\"ReadAction\",\"target\":[\"https:\/\/www.visioneyes.ro\/shop-online\/rama-ochelari-de-vedere-carrera-ca6653-gps\/\"]}]}]}<\/script>\n<!-- \/ Yoast SEO plugin. -->","_links":{"self":[{"href":"https:\/\/www.visioneyes.ro\/en\/wp-json\/wp\/v2\/product\/831"}],"collection":[{"href":"https:\/\/www.visioneyes.ro\/en\/wp-json\/wp\/v2\/product"}],"about":[{"href":"https:\/\/www.visioneyes.ro\/en\/wp-json\/wp\/v2\/types\/product"}],"replies":[{"embeddable":true,"href":"https:\/\/www.visioneyes.ro\/en\/wp-json\/wp\/v2\/comments?post=831"}],"wp:featuredmedia":[{"embeddable":true,"href":"https:\/\/www.visioneyes.ro\/en\/wp-json\/wp\/v2\/media\/832"}],"wp:attachment":[{"href":"https:\/\/www.visioneyes.ro\/en\/wp-json\/wp\/v2\/media?parent=831"}],"curies":[{"name":"wp","href":"https:\/\/api.w.org\/{rel}","templated":true}]}}