{"id":837,"date":"2017-01-04T20:25:04","date_gmt":"2017-01-04T17:25:04","guid":{"rendered":"https:\/\/www.visioneyes.ro\/?post_type=product&#038;p=837"},"modified":"2020-04-06T15:22:10","modified_gmt":"2020-04-06T12:22:10","slug":"rame-ochelari-de-vedere-carrera-ca-6183","status":"publish","type":"product","link":"https:\/\/www.visioneyes.ro\/en\/shop-online\/rame-ochelari-de-vedere-carrera-ca-6183\/","title":{"rendered":"Rame ochelari de vedere Carrera CA 6183"},"content":{"rendered":"<div class=\"eoFontsizeXL eoTextBold\">CA 6183 Informatii modele<\/div>\n<div class=\"eoEmptyBorderBox\"><\/div>\n<table class=\"eoDetailPropertyListTable\" width=\"95%\">\n<tbody>\n<tr class=\"eoDetailItem eoFontSizeS\">\n<td>Dimensiuni &amp; Detalii<\/td>\n<td><span id=\"InfoSizeLabel58931\" class=\"sizeInfoRows\">L<\/span><\/td>\n<\/tr>\n<tr class=\"eoDetailItem eoFontSizeS\">\n<td>Dimensiunea lentilei<\/td>\n<td><span id=\"InfoLensSize58931\" class=\"sizeInfoRows\">54<\/span><\/td>\n<\/tr>\n<tr class=\"eoDetailItem eoFontSizeS\">\n<td>Dimensiunea ramei \u00eentre lentile<\/td>\n<td><span id=\"InfoBridgeSize58931\" class=\"sizeInfoRows\">16<\/span><\/td>\n<\/tr>\n<tr class=\"eoDetailItem eoFontSizeS\">\n<td>Lungimea tijei<\/td>\n<td><span id=\"InfoTempleSize58931\" class=\"sizeInfoRows\">135<\/span><\/td>\n<\/tr>\n<tr class=\"eoDetailItem eoFontSizeS\">\n<td class=\"eoDetailFeatureName\">Genul<\/td>\n<td class=\"eoDetailFeature\">Femei \u015fi B\u0103rba\u0163i<\/td>\n<\/tr>\n<tr class=\"eoDetailItem eoFontSizeS\">\n<td class=\"eoDetailFeatureName\">Tipul ramei<\/td>\n<td class=\"eoDetailFeature\"><a href=\"https:\/\/www.visioneyes.ro\/magazin-online\/rame-de-ochelari\/rame-ochelari-de-vedere-carrera-ca-6183\/\">Ram\u0103 complet\u0103<\/a><\/td>\n<\/tr>\n<tr class=\"eoDetailItem eoFontSizeS\">\n<td class=\"eoDetailFeatureName\">Form\u0103 rame<\/td>\n<td class=\"eoDetailFeature\"><a href=\"https:\/\/www.visioneyes.ro\/magazin-online\/rame-de-ochelari\/rame-ochelari-de-vedere-carrera-ca-6183\/\">Rectangle<\/a><\/td>\n<\/tr>\n<tr class=\"eoDetailItem eoFontSizeS\">\n<td class=\"eoDetailFeatureName\">Material rame<\/td>\n<td class=\"eoDetailFeature\"><a href=\"https:\/\/www.visioneyes.ro\/magazin-online\/rame-de-ochelari\/rame-ochelari-de-vedere-carrera-ca-6183\/\">Plastic<\/a><\/td>\n<\/tr>\n<tr class=\"eoDetailItem eoFontSizeS\">\n<td class=\"eoDetailFeatureName\">Culoare<\/td>\n<td class=\"eoDetailFeature\"><a href=\"https:\/\/www.visioneyes.ro\/magazin-online\/rame-de-ochelari\/rame-ochelari-de-vedere-carrera-ca-6183\/\">Albastru<\/a><\/td>\n<\/tr>\n<tr class=\"eoDetailItem eoFontSizeS\">\n<td class=\"eoDetailFeatureName\">Culoare rame<\/td>\n<td class=\"eoDetailFeature\">Bluivored<\/td>\n<\/tr>\n<\/tbody>\n<\/table>\n<p>\u200cCA6183\/8W3 Ochelari de design<\/p>\n<p>\u00cen calitate de client al Opti Eyes cu siguran\u0163\u0103 \u015fti deja c\u0103 ochelarii dau tonul stilului. Cu aceast\u0103 \u201ebijuterie\u201d po\u0163i conferi oric\u0103rei \u0163inute o not\u0103 \u201esmart\u201d, fie c\u0103 e\u015fti la munc\u0103, \u00een birou sau \u00een timpul liber. Sunt frumo\u015fi, dar totu\u015fi o alt\u0103 culoare ar fi mai potrivit\u0103 pentru hainele tale preferate? Atunci verific\u0103 \u015fi celelalte variante ale modelului CA6183 din sortimentul nostru de la Carrera, din 2015 \u015fi 2016.<\/p>\n<p>Ace\u015fti Ochelari de vedere sunt at\u00e2t pentru femei c\u00e2t \u015fi pentru b\u0103rba\u0163i un accesoriu care garanteaz\u0103 un look \u015fi o vedere impecabil\u0103. Ochelarii cu rame complete au lentilele total \u00eencadrate de rame. Cei care sunt purt\u0103tori \u00eenr\u0103i\u0163i de ochelari, \u00ee\u015fi pot \u00eenchipui cu greu, doar \u00een situa\u0163i critice, un alt tip de ochelari dec\u00e2t acesta. Ramele cu form\u0103 rectangular\u0103 emit un sentiment de putere \u015fi de \u00eencredere total\u0103 de sine. \u00cen special \u00een cazul fe\u0163elor cu form\u0103 rotund\u0103, forma dreptunghiular\u0103 a ochelarilor creeaz\u0103 un punct de contrast interesant. Plasticul este un material extrem de u\u015for \u015fi flexibil. Acest fapt confer\u0103 ramelor o durabilitate pe via\u0163\u0103 \u015fi un confort maxim la purtare. Nuan\u0163ele de albastru sunt moderne \u015fi proaspete. \u00cen general, albastruastru reprezint\u0103 o alegere curajoas\u0103, care confer\u0103 accente dinamice \u015fi trendy.<\/p>\n<p>Mai mult dec\u00e2t at\u00e2t, la noi po\u0163i cump\u0103ra lentilele perfecte de vedere, la un pre\u0163 imbatabil. Tot ceea de ce ai nevoie sunt valorile actuale de dioptrii, care \u00ee\u0163i pot fi furnizate de un doctor oftalmolog de \u00eencredere sau poti venii in magazinul nostru din Vulcan Value Centre pentru o determinare de dioptrii.<\/p>\n","protected":false},"excerpt":{"rendered":"<p>CA 6183 Informatii modele Dimensiuni &amp; Detalii L Dimensiunea lentilei 54 Dimensiunea ramei \u00eentre lentile 16 Lungimea tijei 135 Genul Femei \u015fi B\u0103rba\u0163i Tipul ramei Ram\u0103 complet\u0103 Form\u0103 rame Rectangle Material rame Plastic Culoare Albastru Culoare rame Bluivored \u200cCA6183\/8W3 Ochelari de design \u00cen calitate de client al Opti Eyes cu siguran\u0163\u0103 \u015fti deja c\u0103 ochelarii [&#8230;]\n","protected":false},"featured_media":838,"comment_status":"open","ping_status":"closed","template":"","meta":[],"yoast_head":"<!-- This site is optimized with the Yoast SEO plugin v15.5 - https:\/\/yoast.com\/wordpress\/plugins\/seo\/ -->\n<title>Rame ochelari de vedere Carrera CA 6183 - Sun glasses, Contact Lenses, Eye glasses, Eyeglass Frames | VisionEyes<\/title>\n<meta name=\"robots\" content=\"index, follow, max-snippet:-1, max-image-preview:large, max-video-preview:-1\" \/>\n<link rel=\"canonical\" href=\"https:\/\/www.visioneyes.ro\/shop-online\/rame-ochelari-de-vedere-carrera-ca-6183\/\" \/>\n<meta property=\"og:locale\" content=\"en_US\" \/>\n<meta property=\"og:type\" content=\"article\" \/>\n<meta property=\"og:title\" content=\"Rame ochelari de vedere Carrera CA 6183 - Sun glasses, Contact Lenses, Eye glasses, Eyeglass Frames | VisionEyes\" \/>\n<meta property=\"og:description\" content=\"CA 6183 Informatii modele Dimensiuni &amp; Detalii L Dimensiunea lentilei 54 Dimensiunea ramei \u00eentre lentile 16 Lungimea tijei 135 Genul Femei \u015fi B\u0103rba\u0163i Tipul ramei Ram\u0103 complet\u0103 Form\u0103 rame Rectangle Material rame Plastic Culoare Albastru Culoare rame Bluivored \u200cCA6183\/8W3 Ochelari de design \u00cen calitate de client al Opti Eyes cu siguran\u0163\u0103 \u015fti deja c\u0103 ochelarii [...]\" \/>\n<meta property=\"og:url\" content=\"https:\/\/www.visioneyes.ro\/shop-online\/rame-ochelari-de-vedere-carrera-ca-6183\/\" \/>\n<meta property=\"og:site_name\" content=\"Sun glasses, Contact Lenses, Eye glasses, Eyeglass Frames | VisionEyes\" \/>\n<meta property=\"article:modified_time\" content=\"2020-04-06T12:22:10+00:00\" \/>\n<meta property=\"og:image\" content=\"https:\/\/www.visioneyes.ro\/wp-content\/uploads\/Carrera-CA6183-8W3.jpg\" \/>\n\t<meta property=\"og:image:width\" content=\"600\" \/>\n\t<meta property=\"og:image:height\" content=\"312\" \/>\n<meta name=\"twitter:card\" content=\"summary_large_image\" \/>\n<meta name=\"twitter:label1\" content=\"Est. reading time\">\n\t<meta name=\"twitter:data1\" content=\"1 minute\">\n<script type=\"application\/ld+json\" class=\"yoast-schema-graph\">{\"@context\":\"https:\/\/schema.org\",\"@graph\":[{\"@type\":\"WebSite\",\"@id\":\"https:\/\/www.visioneyes.ro\/#website\",\"url\":\"https:\/\/www.visioneyes.ro\/\",\"name\":\"Sun glasses, Contact Lenses, Eye glasses, Eyeglass Frames | VisionEyes\",\"description\":\"\",\"potentialAction\":[{\"@type\":\"SearchAction\",\"target\":\"https:\/\/www.visioneyes.ro\/?s={search_term_string}\",\"query-input\":\"required name=search_term_string\"}],\"inLanguage\":\"en-US\"},{\"@type\":\"ImageObject\",\"@id\":\"https:\/\/www.visioneyes.ro\/shop-online\/rame-ochelari-de-vedere-carrera-ca-6183\/#primaryimage\",\"inLanguage\":\"en-US\",\"url\":\"https:\/\/www.visioneyes.ro\/wp-content\/uploads\/Carrera-CA6183-8W3.jpg\",\"width\":600,\"height\":312},{\"@type\":\"WebPage\",\"@id\":\"https:\/\/www.visioneyes.ro\/shop-online\/rame-ochelari-de-vedere-carrera-ca-6183\/#webpage\",\"url\":\"https:\/\/www.visioneyes.ro\/shop-online\/rame-ochelari-de-vedere-carrera-ca-6183\/\",\"name\":\"Rame ochelari de vedere Carrera CA 6183 - Sun glasses, Contact Lenses, Eye glasses, Eyeglass Frames | VisionEyes\",\"isPartOf\":{\"@id\":\"https:\/\/www.visioneyes.ro\/#website\"},\"primaryImageOfPage\":{\"@id\":\"https:\/\/www.visioneyes.ro\/shop-online\/rame-ochelari-de-vedere-carrera-ca-6183\/#primaryimage\"},\"datePublished\":\"2017-01-04T17:25:04+00:00\",\"dateModified\":\"2020-04-06T12:22:10+00:00\",\"inLanguage\":\"en-US\",\"potentialAction\":[{\"@type\":\"ReadAction\",\"target\":[\"https:\/\/www.visioneyes.ro\/shop-online\/rame-ochelari-de-vedere-carrera-ca-6183\/\"]}]}]}<\/script>\n<!-- \/ Yoast SEO plugin. -->","_links":{"self":[{"href":"https:\/\/www.visioneyes.ro\/en\/wp-json\/wp\/v2\/product\/837"}],"collection":[{"href":"https:\/\/www.visioneyes.ro\/en\/wp-json\/wp\/v2\/product"}],"about":[{"href":"https:\/\/www.visioneyes.ro\/en\/wp-json\/wp\/v2\/types\/product"}],"replies":[{"embeddable":true,"href":"https:\/\/www.visioneyes.ro\/en\/wp-json\/wp\/v2\/comments?post=837"}],"wp:featuredmedia":[{"embeddable":true,"href":"https:\/\/www.visioneyes.ro\/en\/wp-json\/wp\/v2\/media\/838"}],"wp:attachment":[{"href":"https:\/\/www.visioneyes.ro\/en\/wp-json\/wp\/v2\/media?parent=837"}],"curies":[{"name":"wp","href":"https:\/\/api.w.org\/{rel}","templated":true}]}}