{"id":840,"date":"2017-01-04T20:32:05","date_gmt":"2017-01-04T17:32:05","guid":{"rendered":"https:\/\/www.visioneyes.ro\/?post_type=product&#038;p=840"},"modified":"2017-02-16T17:56:07","modified_gmt":"2017-02-16T14:56:07","slug":"rame-ochelari-de-vedere-carrera-ca-6183-qhc","status":"publish","type":"product","link":"https:\/\/www.visioneyes.ro\/en\/shop-online\/rame-ochelari-de-vedere-carrera-ca-6183-qhc\/","title":{"rendered":"Rame ochelari de vedere Carrera CA 6183 QHC"},"content":{"rendered":"<div class=\"eoFontsizeXL eoTextBold\">CA 6183 Informatii modele<\/div>\n<div class=\"eoEmptyBorderBox\"><\/div>\n<table class=\"eoDetailPropertyListTable\" width=\"95%\">\n<tbody>\n<tr class=\"eoDetailItem eoFontSizeS\">\n<td>Dimensiuni &amp; Detalii<\/td>\n<td><span id=\"InfoSizeLabel51252\" class=\"sizeInfoRows\">L<\/span><\/td>\n<\/tr>\n<tr class=\"eoDetailItem eoFontSizeS\">\n<td>Dimensiunea lentilei<\/td>\n<td><span id=\"InfoLensSize51252\" class=\"sizeInfoRows\">54<\/span><\/td>\n<\/tr>\n<tr class=\"eoDetailItem eoFontSizeS\">\n<td>Dimensiunea ramei \u00eentre lentile<\/td>\n<td><span id=\"InfoBridgeSize51252\" class=\"sizeInfoRows\">16<\/span><\/td>\n<\/tr>\n<tr class=\"eoDetailItem eoFontSizeS\">\n<td>Lungimea tijei<\/td>\n<td><span id=\"InfoTempleSize51252\" class=\"sizeInfoRows\">135<\/span><\/td>\n<\/tr>\n<tr class=\"eoDetailItem eoFontSizeS\">\n<td class=\"eoDetailFeatureName\">Genul<\/td>\n<td class=\"eoDetailFeature\">Femei \u015fi B\u0103rba\u0163i<\/td>\n<\/tr>\n<tr class=\"eoDetailItem eoFontSizeS\">\n<td class=\"eoDetailFeatureName\">Tipul ramei<\/td>\n<td class=\"eoDetailFeature\">Ram\u0103 complet\u0103<\/td>\n<\/tr>\n<tr class=\"eoDetailItem eoFontSizeS\">\n<td class=\"eoDetailFeatureName\">Form\u0103 rame<\/td>\n<td class=\"eoDetailFeature\">Rectangle<\/td>\n<\/tr>\n<tr class=\"eoDetailItem eoFontSizeS\">\n<td class=\"eoDetailFeatureName\">Material rame<\/td>\n<td class=\"eoDetailFeature\">Plastic<\/td>\n<\/tr>\n<tr class=\"eoDetailItem eoFontSizeS\">\n<td class=\"eoDetailFeatureName\">Culoare<\/td>\n<td class=\"eoDetailFeature\">Negru<\/td>\n<\/tr>\n<tr class=\"eoDetailItem eoFontSizeS\">\n<td class=\"eoDetailFeatureName\">Culoare rame<\/td>\n<td class=\"eoDetailFeature\">Mtt Black<\/td>\n<\/tr>\n<\/tbody>\n<\/table>\n<p>\u200cCA6183\/QHC Ochelari de design<\/p>\n<p>Termenul de \u201eajutor vizual\u201c este total neinspirat pentru modelul CA6183. Cu aceast\u0103 pereche de ochelariai achizi\u0163ionat un accesoriu, care i\u0163i va revolu\u0163iona stilul personal, dovedind c\u0103 ai un gust aparte \u00een materie de mod\u0103! Sunt frumo\u015fi, dar totu\u015fi o alt\u0103 culoare ar fi mai potrivit\u0103 pentru hainele tale preferate? Atunci verific\u0103 \u015fi celelalte variante ale modelului CA6183 din sortimentul nostru de la Carrera, din 2015 \u015fi 2016.<\/p>\n<p>Acest model care poart\u0103 semn\u0103tura Carrera este un accesoriu cu talente multiple, care face ca at\u00e2t femeile c\u00e2t \u015fi b\u0103rba\u0163ii s\u0103 arate super, \u00een acea\u015fi m\u0103sur\u0103. Cu acest model de ochelari cu rame complete faci pe oricine s\u0103 \u00een\u0163eleag\u0103, f\u0103r\u0103 dubii, c\u0103 nu accep\u0163i jum\u0103t\u0103\u0163iile de m\u0103sur\u0103! Modelele rectangulare se a\u015faz\u0103 deosebit de bine pe fe\u0163ele cu form\u0103 rotund\u0103 sau oval\u0103. Ochelarii cu form\u0103 dreptunghiular\u0103 creaz\u0103 leg\u0103turi estetice \u00eentre canturile dure \u015fi col\u0163urile rotunjite, pentru o imagine de ansamblu armonioas\u0103. Plasticul este un material extrem de u\u015for \u015fi flexibil. Acest fapt confer\u0103 ramelor o durabilitate pe via\u0163\u0103 \u015fi un confort maxim la purtare. O pereche de ochelari cu rame negre sunt un adev\u0103rat \u201emust-have\u201c. Ei pot fi asorta\u0163i la orice \u015fi confer\u0103 stil oric\u0103rei \u0163inute. Fie la birou, \u00een club sau la Fashion Week \u2013 negru este potrivit \u00eentotdeauna.<\/p>\n<p>Mai mult dec\u00e2t at\u00e2t, la noi po\u0163i cump\u0103ra lentilele perfecte de vedere, la un pre\u0163 imbatabil. Tot ceea de ce ai nevoie sunt valorile actuale de dioptrii, care \u00ee\u0163i pot fi furnizate de un doctor oftalmolog de \u00eencredere sau poti venii in magazinul nostru din Vulcan Value Centre pentru o determinare de dioptrii.<\/p>\n","protected":false},"excerpt":{"rendered":"<p>CA 6183 Informatii modele Dimensiuni &amp; Detalii L Dimensiunea lentilei 54 Dimensiunea ramei \u00eentre lentile 16 Lungimea tijei 135 Genul Femei \u015fi B\u0103rba\u0163i Tipul ramei Ram\u0103 complet\u0103 Form\u0103 rame Rectangle Material rame Plastic Culoare Negru Culoare rame Mtt Black \u200cCA6183\/QHC Ochelari de design Termenul de \u201eajutor vizual\u201c este total neinspirat pentru modelul CA6183. Cu aceast\u0103 [&#8230;]\n","protected":false},"featured_media":841,"comment_status":"open","ping_status":"closed","template":"","meta":[],"yoast_head":"<!-- This site is optimized with the Yoast SEO plugin v15.5 - https:\/\/yoast.com\/wordpress\/plugins\/seo\/ -->\n<title>Rame ochelari de vedere Carrera CA 6183 QHC - Sun glasses, Contact Lenses, Eye glasses, Eyeglass Frames | VisionEyes<\/title>\n<meta name=\"robots\" content=\"index, follow, max-snippet:-1, max-image-preview:large, max-video-preview:-1\" \/>\n<link rel=\"canonical\" href=\"https:\/\/www.visioneyes.ro\/shop-online\/rame-ochelari-de-vedere-carrera-ca-6183-qhc\/\" \/>\n<meta property=\"og:locale\" content=\"en_US\" \/>\n<meta property=\"og:type\" content=\"article\" \/>\n<meta property=\"og:title\" content=\"Rame ochelari de vedere Carrera CA 6183 QHC - Sun glasses, Contact Lenses, Eye glasses, Eyeglass Frames | VisionEyes\" \/>\n<meta property=\"og:description\" content=\"CA 6183 Informatii modele Dimensiuni &amp; Detalii L Dimensiunea lentilei 54 Dimensiunea ramei \u00eentre lentile 16 Lungimea tijei 135 Genul Femei \u015fi B\u0103rba\u0163i Tipul ramei Ram\u0103 complet\u0103 Form\u0103 rame Rectangle Material rame Plastic Culoare Negru Culoare rame Mtt Black \u200cCA6183\/QHC Ochelari de design Termenul de \u201eajutor vizual\u201c este total neinspirat pentru modelul CA6183. Cu aceast\u0103 [...]\" \/>\n<meta property=\"og:url\" content=\"https:\/\/www.visioneyes.ro\/shop-online\/rame-ochelari-de-vedere-carrera-ca-6183-qhc\/\" \/>\n<meta property=\"og:site_name\" content=\"Sun glasses, Contact Lenses, Eye glasses, Eyeglass Frames | VisionEyes\" \/>\n<meta property=\"article:modified_time\" content=\"2017-02-16T14:56:07+00:00\" \/>\n<meta property=\"og:image\" content=\"https:\/\/www.visioneyes.ro\/wp-content\/uploads\/Carrera-CA6183-QHC.jpg\" \/>\n\t<meta property=\"og:image:width\" content=\"600\" \/>\n\t<meta property=\"og:image:height\" content=\"312\" \/>\n<meta name=\"twitter:card\" content=\"summary_large_image\" \/>\n<meta name=\"twitter:label1\" content=\"Est. reading time\">\n\t<meta name=\"twitter:data1\" content=\"1 minute\">\n<script type=\"application\/ld+json\" class=\"yoast-schema-graph\">{\"@context\":\"https:\/\/schema.org\",\"@graph\":[{\"@type\":\"WebSite\",\"@id\":\"https:\/\/www.visioneyes.ro\/#website\",\"url\":\"https:\/\/www.visioneyes.ro\/\",\"name\":\"Sun glasses, Contact Lenses, Eye glasses, Eyeglass Frames | VisionEyes\",\"description\":\"\",\"potentialAction\":[{\"@type\":\"SearchAction\",\"target\":\"https:\/\/www.visioneyes.ro\/?s={search_term_string}\",\"query-input\":\"required name=search_term_string\"}],\"inLanguage\":\"en-US\"},{\"@type\":\"ImageObject\",\"@id\":\"https:\/\/www.visioneyes.ro\/shop-online\/rame-ochelari-de-vedere-carrera-ca-6183-qhc\/#primaryimage\",\"inLanguage\":\"en-US\",\"url\":\"https:\/\/www.visioneyes.ro\/wp-content\/uploads\/Carrera-CA6183-QHC.jpg\",\"width\":600,\"height\":312},{\"@type\":\"WebPage\",\"@id\":\"https:\/\/www.visioneyes.ro\/shop-online\/rame-ochelari-de-vedere-carrera-ca-6183-qhc\/#webpage\",\"url\":\"https:\/\/www.visioneyes.ro\/shop-online\/rame-ochelari-de-vedere-carrera-ca-6183-qhc\/\",\"name\":\"Rame ochelari de vedere Carrera CA 6183 QHC - Sun glasses, Contact Lenses, Eye glasses, Eyeglass Frames | VisionEyes\",\"isPartOf\":{\"@id\":\"https:\/\/www.visioneyes.ro\/#website\"},\"primaryImageOfPage\":{\"@id\":\"https:\/\/www.visioneyes.ro\/shop-online\/rame-ochelari-de-vedere-carrera-ca-6183-qhc\/#primaryimage\"},\"datePublished\":\"2017-01-04T17:32:05+00:00\",\"dateModified\":\"2017-02-16T14:56:07+00:00\",\"inLanguage\":\"en-US\",\"potentialAction\":[{\"@type\":\"ReadAction\",\"target\":[\"https:\/\/www.visioneyes.ro\/shop-online\/rame-ochelari-de-vedere-carrera-ca-6183-qhc\/\"]}]}]}<\/script>\n<!-- \/ Yoast SEO plugin. -->","_links":{"self":[{"href":"https:\/\/www.visioneyes.ro\/en\/wp-json\/wp\/v2\/product\/840"}],"collection":[{"href":"https:\/\/www.visioneyes.ro\/en\/wp-json\/wp\/v2\/product"}],"about":[{"href":"https:\/\/www.visioneyes.ro\/en\/wp-json\/wp\/v2\/types\/product"}],"replies":[{"embeddable":true,"href":"https:\/\/www.visioneyes.ro\/en\/wp-json\/wp\/v2\/comments?post=840"}],"wp:featuredmedia":[{"embeddable":true,"href":"https:\/\/www.visioneyes.ro\/en\/wp-json\/wp\/v2\/media\/841"}],"wp:attachment":[{"href":"https:\/\/www.visioneyes.ro\/en\/wp-json\/wp\/v2\/media?parent=840"}],"curies":[{"name":"wp","href":"https:\/\/api.w.org\/{rel}","templated":true}]}}