{"id":844,"date":"2017-01-04T20:44:06","date_gmt":"2017-01-04T17:44:06","guid":{"rendered":"https:\/\/www.visioneyes.ro\/?post_type=product&#038;p=844"},"modified":"2017-02-16T17:56:07","modified_gmt":"2017-02-16T14:56:07","slug":"rame-ochelari-de-vedere-unisex-carrera-ca6624-kkl-black-dark-ruthenium","status":"publish","type":"product","link":"https:\/\/www.visioneyes.ro\/en\/shop-online\/rame-ochelari-de-vedere-unisex-carrera-ca6624-kkl-black-dark-ruthenium\/","title":{"rendered":"Rame ochelari de vedere unisex Carrera CA6624 KKL BLACK DARK RUTHENIUM"},"content":{"rendered":"<h3>Descriere Rame ochelari de vedere unisex CARRERA (S) CA6624 KKL BLACK DARK RUTHENIUM de la Carrera<\/h3>\n<div class=\"long-description\">\n<p><b>Dimensiuni<\/b><\/p>\n<div>\n<table border=\"0\" cellspacing=\"0\" cellpadding=\"0\">\n<tbody>\n<tr>\n<td><span class=\"f_name\">Inaltime lentile<\/span><br \/>\n<b> &#8212; mm<\/b><\/td>\n<td><span class=\"f_name\">Latime rama <\/span><br \/>\n<b> &#8212; mm<\/b><\/td>\n<td><span class=\"f_name\">Latime lentile<\/span><br \/>\n<b>55 mm<\/b><\/td>\n<td><span class=\"f_name\">Lungime brate<\/span><br \/>\n<b>145 mm<\/b><\/td>\n<td><span class=\"f_name\">Punte nazala<\/span><br \/>\n<b>14 mm<\/b><\/td>\n<\/tr>\n<tr>\n<td><img src=\"https:\/\/lensa.ro\/image\/data\/icons\/inaltime-lentile.jpg\" alt=\"Inaltime lentile\" \/><\/td>\n<td><img src=\"https:\/\/lensa.ro\/image\/data\/icons\/latime-lentile.jpg\" alt=\"Latime\" \/><\/td>\n<td><img src=\"https:\/\/lensa.ro\/image\/data\/icons\/latamie-ochelari.jpg\" alt=\"Latime lentile\" \/><\/td>\n<td><img src=\"https:\/\/lensa.ro\/image\/data\/icons\/lungime-brate.jpg\" alt=\"Lungime brate\" \/><\/td>\n<td><img src=\"https:\/\/lensa.ro\/image\/data\/icons\/punte-nazala.jpg\" alt=\"Punte nazala\" \/><\/td>\n<\/tr>\n<\/tbody>\n<\/table>\n<\/div>\n<p><u><strong> Rame ochelari de vedere unisex CARRERA (S) CA6624 KKL BLACK DARK RUTHENIUM<\/strong><\/u><\/p>\n<p>Pretul afisat include toate taxele!<\/p>\n<p>Culoare rama: Negru<br \/>\nMaterial: Plastic<br \/>\nStil: Rectangulari<br \/>\nTip rama: Intreaga<br \/>\nVin impreuna cu un toc CarreraRamele beneficiaza de garantie 1 an.<\/p>\n<\/div>\n<p>Produsul este nou si comercializat in ambalajul original al producatorului.<\/p>\n<p>Mai mult dec\u00e2t at\u00e2t, la noi po\u0163i cump\u0103ra lentilele perfecte de vedere, la un pre\u0163 imbatabil. Tot ceea de ce ai nevoie sunt valorile actuale de dioptrii, care \u00ee\u0163i pot fi furnizate de un doctor oftalmolog de \u00eencredere sau poti venii in magazinul nostru din Vulcan Value Centre pentru o determinare de dioptrii.<\/p>\n","protected":false},"excerpt":{"rendered":"<p>Descriere Rame ochelari de vedere unisex CARRERA (S) CA6624 KKL BLACK DARK RUTHENIUM de la Carrera Dimensiuni Inaltime lentile &#8212; mm Latime rama &#8212; mm Latime lentile 55 mm Lungime brate 145 mm Punte nazala 14 mm Rame ochelari de vedere unisex CARRERA (S) CA6624 KKL BLACK DARK RUTHENIUM Pretul afisat include toate taxele! Culoare [&#8230;]\n","protected":false},"featured_media":845,"comment_status":"open","ping_status":"closed","template":"","meta":[],"yoast_head":"<!-- This site is optimized with the Yoast SEO plugin v15.5 - https:\/\/yoast.com\/wordpress\/plugins\/seo\/ -->\n<title>Rame ochelari de vedere unisex Carrera CA6624 KKL BLACK DARK RUTHENIUM - Sun glasses, Contact Lenses, Eye glasses, Eyeglass Frames | VisionEyes<\/title>\n<meta name=\"robots\" content=\"index, follow, max-snippet:-1, max-image-preview:large, max-video-preview:-1\" \/>\n<link rel=\"canonical\" href=\"https:\/\/www.visioneyes.ro\/shop-online\/rame-ochelari-de-vedere-unisex-carrera-ca6624-kkl-black-dark-ruthenium\/\" \/>\n<meta property=\"og:locale\" content=\"en_US\" \/>\n<meta property=\"og:type\" content=\"article\" \/>\n<meta property=\"og:title\" content=\"Rame ochelari de vedere unisex Carrera CA6624 KKL BLACK DARK RUTHENIUM - Sun glasses, Contact Lenses, Eye glasses, Eyeglass Frames | VisionEyes\" \/>\n<meta property=\"og:description\" content=\"Descriere Rame ochelari de vedere unisex CARRERA (S) CA6624 KKL BLACK DARK RUTHENIUM de la Carrera Dimensiuni Inaltime lentile &#8212; mm Latime rama &#8212; mm Latime lentile 55 mm Lungime brate 145 mm Punte nazala 14 mm Rame ochelari de vedere unisex CARRERA (S) CA6624 KKL BLACK DARK RUTHENIUM Pretul afisat include toate taxele! Culoare [...]\" \/>\n<meta property=\"og:url\" content=\"https:\/\/www.visioneyes.ro\/shop-online\/rame-ochelari-de-vedere-unisex-carrera-ca6624-kkl-black-dark-ruthenium\/\" \/>\n<meta property=\"og:site_name\" content=\"Sun glasses, Contact Lenses, Eye glasses, Eyeglass Frames | VisionEyes\" \/>\n<meta property=\"article:modified_time\" content=\"2017-02-16T14:56:07+00:00\" \/>\n<meta property=\"og:image\" content=\"https:\/\/www.visioneyes.ro\/wp-content\/uploads\/carrera-ochelari-de-soare-unisex-carrera-ca6624-kkl-black-dark-ruthenium-8073.jpeg\" \/>\n\t<meta property=\"og:image:width\" content=\"600\" \/>\n\t<meta property=\"og:image:height\" content=\"600\" \/>\n<meta name=\"twitter:card\" content=\"summary_large_image\" \/>\n<meta name=\"twitter:label1\" content=\"Est. reading time\">\n\t<meta name=\"twitter:data1\" content=\"1 minute\">\n<script type=\"application\/ld+json\" class=\"yoast-schema-graph\">{\"@context\":\"https:\/\/schema.org\",\"@graph\":[{\"@type\":\"WebSite\",\"@id\":\"https:\/\/www.visioneyes.ro\/#website\",\"url\":\"https:\/\/www.visioneyes.ro\/\",\"name\":\"Sun glasses, Contact Lenses, Eye glasses, Eyeglass Frames | VisionEyes\",\"description\":\"\",\"potentialAction\":[{\"@type\":\"SearchAction\",\"target\":\"https:\/\/www.visioneyes.ro\/?s={search_term_string}\",\"query-input\":\"required name=search_term_string\"}],\"inLanguage\":\"en-US\"},{\"@type\":\"ImageObject\",\"@id\":\"https:\/\/www.visioneyes.ro\/shop-online\/rame-ochelari-de-vedere-unisex-carrera-ca6624-kkl-black-dark-ruthenium\/#primaryimage\",\"inLanguage\":\"en-US\",\"url\":\"https:\/\/www.visioneyes.ro\/wp-content\/uploads\/carrera-ochelari-de-soare-unisex-carrera-ca6624-kkl-black-dark-ruthenium-8073.jpeg\",\"width\":600,\"height\":600},{\"@type\":\"WebPage\",\"@id\":\"https:\/\/www.visioneyes.ro\/shop-online\/rame-ochelari-de-vedere-unisex-carrera-ca6624-kkl-black-dark-ruthenium\/#webpage\",\"url\":\"https:\/\/www.visioneyes.ro\/shop-online\/rame-ochelari-de-vedere-unisex-carrera-ca6624-kkl-black-dark-ruthenium\/\",\"name\":\"Rame ochelari de vedere unisex Carrera CA6624 KKL BLACK DARK RUTHENIUM - Sun glasses, Contact Lenses, Eye glasses, Eyeglass Frames | VisionEyes\",\"isPartOf\":{\"@id\":\"https:\/\/www.visioneyes.ro\/#website\"},\"primaryImageOfPage\":{\"@id\":\"https:\/\/www.visioneyes.ro\/shop-online\/rame-ochelari-de-vedere-unisex-carrera-ca6624-kkl-black-dark-ruthenium\/#primaryimage\"},\"datePublished\":\"2017-01-04T17:44:06+00:00\",\"dateModified\":\"2017-02-16T14:56:07+00:00\",\"inLanguage\":\"en-US\",\"potentialAction\":[{\"@type\":\"ReadAction\",\"target\":[\"https:\/\/www.visioneyes.ro\/shop-online\/rame-ochelari-de-vedere-unisex-carrera-ca6624-kkl-black-dark-ruthenium\/\"]}]}]}<\/script>\n<!-- \/ Yoast SEO plugin. -->","_links":{"self":[{"href":"https:\/\/www.visioneyes.ro\/en\/wp-json\/wp\/v2\/product\/844"}],"collection":[{"href":"https:\/\/www.visioneyes.ro\/en\/wp-json\/wp\/v2\/product"}],"about":[{"href":"https:\/\/www.visioneyes.ro\/en\/wp-json\/wp\/v2\/types\/product"}],"replies":[{"embeddable":true,"href":"https:\/\/www.visioneyes.ro\/en\/wp-json\/wp\/v2\/comments?post=844"}],"wp:featuredmedia":[{"embeddable":true,"href":"https:\/\/www.visioneyes.ro\/en\/wp-json\/wp\/v2\/media\/845"}],"wp:attachment":[{"href":"https:\/\/www.visioneyes.ro\/en\/wp-json\/wp\/v2\/media?parent=844"}],"curies":[{"name":"wp","href":"https:\/\/api.w.org\/{rel}","templated":true}]}}