{"id":8774,"date":"2018-07-19T17:11:05","date_gmt":"2018-07-19T15:11:05","guid":{"rendered":"https:\/\/www.visioneyes.ro\/?post_type=product&#038;p=8774"},"modified":"2022-07-28T12:23:59","modified_gmt":"2022-07-28T10:23:59","slug":"ochelari-de-soare-guess-gu6924-02b","status":"publish","type":"product","link":"https:\/\/www.visioneyes.ro\/en\/shop-online\/ochelari-de-soare-guess-gu6924-02b\/","title":{"rendered":"Ochelari de soare Guess GU6924 02B"},"content":{"rendered":"<h3>Descriere Ochelari de soare barbati Guess GU6924 02B de la Guess<\/h3>\n<h3>Caracteristici<\/h3>\n<table class=\"table table-striped\">\n<tbody>\n<tr>\n<td class=\"col-xs-6 col-sm-4 text-gray\">Producator<\/td>\n<td class=\"col-xs-6 col-sm-8\">Guess<\/td>\n<\/tr>\n<tr>\n<td class=\"col-xs-6 col-sm-4 text-gray\">Model<\/td>\n<td class=\"col-xs-6 col-sm-8\">GU6924 02B<\/td>\n<\/tr>\n<tr>\n<td class=\"col-xs-6 col-sm-4 text-gray\">Pentru<\/td>\n<td class=\"col-xs-6 col-sm-8\">Barbati<\/td>\n<\/tr>\n<tr>\n<td class=\"col-xs-6 col-sm-4 text-gray\">Stil rama<\/td>\n<td class=\"col-xs-6 col-sm-8\">Ovali<\/td>\n<\/tr>\n<tr>\n<td class=\"col-xs-6 col-sm-4 text-gray\">Culoare rama<\/td>\n<td class=\"col-xs-6 col-sm-8\">Negru<\/td>\n<\/tr>\n<tr>\n<td class=\"col-xs-6 col-sm-4 text-gray\">Culoare lentile<\/td>\n<td class=\"col-xs-6 col-sm-8\">Gri<\/td>\n<\/tr>\n<tr>\n<td class=\"col-xs-6 col-sm-4 text-gray\">Marime<\/td>\n<td class=\"col-xs-6 col-sm-8\">54<\/td>\n<\/tr>\n<tr>\n<td class=\"col-xs-6 col-sm-4 text-gray\">Material rama<\/td>\n<td class=\"col-xs-6 col-sm-8\">Plastic<\/td>\n<\/tr>\n<tr>\n<td class=\"col-xs-6 col-sm-4 text-gray\">Tip lentila<\/td>\n<td class=\"col-xs-6 col-sm-8\">Gradient<\/td>\n<\/tr>\n<tr>\n<td class=\"col-xs-6 col-sm-4 text-gray\">Tip rama<\/td>\n<td class=\"col-xs-6 col-sm-8\">Rama completa<\/td>\n<\/tr>\n<tr>\n<td class=\"col-xs-6 col-sm-4 text-gray\">Garantie<\/td>\n<td class=\"col-xs-6 col-sm-8\">24 luni<\/td>\n<\/tr>\n<\/tbody>\n<\/table>\n<p><strong>Dimensiuni<\/strong><\/p>\n<div>\n<table border=\"0\" cellspacing=\"0\" cellpadding=\"0\">\n<tbody>\n<tr>\n<td><span class=\"f_name\">Inaltime lentile<\/span><br \/>\n<strong>&#8212; mm<\/strong><\/td>\n<td><span class=\"f_name\">Latime rama <\/span><br \/>\n<strong>&#8212; mm<\/strong><\/td>\n<td><span class=\"f_name\">Latime lentile<\/span><br \/>\n<strong>54 mm<\/strong><\/td>\n<td><span class=\"f_name\">Lungime brate<\/span><br \/>\n<strong>145 mm<\/strong><\/td>\n<td><span class=\"f_name\">Punte nazala<\/span><br \/>\n<strong>20 mm<\/strong><\/td>\n<\/tr>\n<tr>\n<td><span class=\"f_name\"><img loading=\"lazy\" src=\"https:\/\/lensa.ro\/data\/uploads\/products\/14949\/Inaltime-lentile.jpg\" alt=\"\" width=\"49\" height=\"25\" \/><\/span><\/td>\n<td><span class=\"f_name\"><img loading=\"lazy\" src=\"https:\/\/lensa.ro\/data\/uploads\/products\/14949\/Latime-ochelari.jpg\" alt=\"\" width=\"49\" height=\"25\" \/><br \/>\n<\/span><\/td>\n<td><span class=\"f_name\"><img loading=\"lazy\" src=\"https:\/\/lensa.ro\/data\/uploads\/products\/14949\/Latime-lentile.jpg\" alt=\"\" width=\"49\" height=\"25\" \/><br \/>\n<\/span><\/td>\n<td><span class=\"f_name\"><img loading=\"lazy\" src=\"https:\/\/lensa.ro\/data\/uploads\/products\/14949\/Lungime-brate.jpg\" alt=\"\" width=\"49\" height=\"25\" \/><\/span><\/td>\n<td><span class=\"f_name\"><img loading=\"lazy\" src=\"https:\/\/lensa.ro\/data\/uploads\/products\/14949\/Punte-nazala.jpg\" alt=\"\" width=\"49\" height=\"25\" \/><\/span><\/td>\n<\/tr>\n<\/tbody>\n<\/table>\n<p>Utilizare recomandata:<\/p>\n<p>\u2013 accesorizeaza foarte bine tinutele casual, dar nu numai, de fiecare data cand te expui la soare;<br \/>\n\u2013 ideali pentru agrementul estival (plaja, etc.), dar si pentru alte forme de distractie in care vrei sa iti pui in valoare fizionomia<\/p>\n<p>Produsul este nou si comercializat in ambalajul original al producatorului.<br \/>\n<strong><br \/>\nMai mult dec\u00e2t at\u00e2t, la noi po\u0163i cump\u0103ra lentilele de soare polarizate cu dioptrii, la un pre\u0163 imbatabil. Tot ceea de ce ai nevoie sunt valorile actuale de dioptrii, care \u00ee\u0163i pot fi furnizate de un doctor oftalmolog de \u00eencredere sau poti venii in magazinul nostru din Vulcan Value Centre pentru o determinare de dioptrii.<\/strong><\/p>\n<div>\n<table border=\"0\" cellspacing=\"0\" cellpadding=\"0\">\n<tbody>\n<tr>\n<td><\/td>\n<\/tr>\n<\/tbody>\n<\/table>\n<\/div>\n<\/div>\n","protected":false},"excerpt":{"rendered":"<p>Descriere Ochelari de soare barbati Guess GU6924 02B de la Guess Caracteristici Producator Guess Model GU6924 02B Pentru Barbati Stil rama Ovali Culoare rama Negru Culoare lentile Gri Marime 54 Material rama Plastic Tip lentila Gradient Tip rama Rama completa Garantie 24 luni Dimensiuni Inaltime lentile &#8212; mm Latime rama &#8212; mm Latime lentile 54 [&#8230;]\n","protected":false},"featured_media":8775,"comment_status":"open","ping_status":"closed","template":"","meta":[],"yoast_head":"<!-- This site is optimized with the Yoast SEO plugin v15.5 - https:\/\/yoast.com\/wordpress\/plugins\/seo\/ -->\n<title>Ochelari de soare Guess GU6924 02B - Sun glasses, Contact Lenses, Eye glasses, Eyeglass Frames | VisionEyes<\/title>\n<meta name=\"robots\" content=\"index, follow, max-snippet:-1, max-image-preview:large, max-video-preview:-1\" \/>\n<link rel=\"canonical\" href=\"https:\/\/www.visioneyes.ro\/shop-online\/ochelari-de-soare-guess-gu6924-02b\/\" \/>\n<meta property=\"og:locale\" content=\"en_US\" \/>\n<meta property=\"og:type\" content=\"article\" \/>\n<meta property=\"og:title\" content=\"Ochelari de soare Guess GU6924 02B - Sun glasses, Contact Lenses, Eye glasses, Eyeglass Frames | VisionEyes\" \/>\n<meta property=\"og:description\" content=\"Descriere Ochelari de soare barbati Guess GU6924 02B de la Guess Caracteristici Producator Guess Model GU6924 02B Pentru Barbati Stil rama Ovali Culoare rama Negru Culoare lentile Gri Marime 54 Material rama Plastic Tip lentila Gradient Tip rama Rama completa Garantie 24 luni Dimensiuni Inaltime lentile &#8212; mm Latime rama &#8212; mm Latime lentile 54 [...]\" \/>\n<meta property=\"og:url\" content=\"https:\/\/www.visioneyes.ro\/shop-online\/ochelari-de-soare-guess-gu6924-02b\/\" \/>\n<meta property=\"og:site_name\" content=\"Sun glasses, Contact Lenses, Eye glasses, Eyeglass Frames | VisionEyes\" \/>\n<meta property=\"article:modified_time\" content=\"2022-07-28T10:23:59+00:00\" \/>\n<meta property=\"og:image\" content=\"https:\/\/www.visioneyes.ro\/wp-content\/uploads\/guess-ochelari-de-soare-barbati-guess-gu6924-02b-48953.jpeg\" \/>\n\t<meta property=\"og:image:width\" content=\"800\" \/>\n\t<meta property=\"og:image:height\" content=\"800\" \/>\n<meta name=\"twitter:card\" content=\"summary_large_image\" \/>\n<meta name=\"twitter:label1\" content=\"Est. reading time\">\n\t<meta name=\"twitter:data1\" content=\"1 minute\">\n<script type=\"application\/ld+json\" class=\"yoast-schema-graph\">{\"@context\":\"https:\/\/schema.org\",\"@graph\":[{\"@type\":\"WebSite\",\"@id\":\"https:\/\/www.visioneyes.ro\/#website\",\"url\":\"https:\/\/www.visioneyes.ro\/\",\"name\":\"Sun glasses, Contact Lenses, Eye glasses, Eyeglass Frames | VisionEyes\",\"description\":\"\",\"potentialAction\":[{\"@type\":\"SearchAction\",\"target\":\"https:\/\/www.visioneyes.ro\/?s={search_term_string}\",\"query-input\":\"required name=search_term_string\"}],\"inLanguage\":\"en-US\"},{\"@type\":\"ImageObject\",\"@id\":\"https:\/\/www.visioneyes.ro\/shop-online\/ochelari-de-soare-guess-gu6924-02b\/#primaryimage\",\"inLanguage\":\"en-US\",\"url\":\"https:\/\/www.visioneyes.ro\/wp-content\/uploads\/guess-ochelari-de-soare-barbati-guess-gu6924-02b-48953.jpeg\",\"width\":800,\"height\":800},{\"@type\":\"WebPage\",\"@id\":\"https:\/\/www.visioneyes.ro\/shop-online\/ochelari-de-soare-guess-gu6924-02b\/#webpage\",\"url\":\"https:\/\/www.visioneyes.ro\/shop-online\/ochelari-de-soare-guess-gu6924-02b\/\",\"name\":\"Ochelari de soare Guess GU6924 02B - Sun glasses, Contact Lenses, Eye glasses, Eyeglass Frames | VisionEyes\",\"isPartOf\":{\"@id\":\"https:\/\/www.visioneyes.ro\/#website\"},\"primaryImageOfPage\":{\"@id\":\"https:\/\/www.visioneyes.ro\/shop-online\/ochelari-de-soare-guess-gu6924-02b\/#primaryimage\"},\"datePublished\":\"2018-07-19T15:11:05+00:00\",\"dateModified\":\"2022-07-28T10:23:59+00:00\",\"inLanguage\":\"en-US\",\"potentialAction\":[{\"@type\":\"ReadAction\",\"target\":[\"https:\/\/www.visioneyes.ro\/shop-online\/ochelari-de-soare-guess-gu6924-02b\/\"]}]}]}<\/script>\n<!-- \/ Yoast SEO plugin. -->","_links":{"self":[{"href":"https:\/\/www.visioneyes.ro\/en\/wp-json\/wp\/v2\/product\/8774"}],"collection":[{"href":"https:\/\/www.visioneyes.ro\/en\/wp-json\/wp\/v2\/product"}],"about":[{"href":"https:\/\/www.visioneyes.ro\/en\/wp-json\/wp\/v2\/types\/product"}],"replies":[{"embeddable":true,"href":"https:\/\/www.visioneyes.ro\/en\/wp-json\/wp\/v2\/comments?post=8774"}],"wp:featuredmedia":[{"embeddable":true,"href":"https:\/\/www.visioneyes.ro\/en\/wp-json\/wp\/v2\/media\/8775"}],"wp:attachment":[{"href":"https:\/\/www.visioneyes.ro\/en\/wp-json\/wp\/v2\/media?parent=8774"}],"curies":[{"name":"wp","href":"https:\/\/api.w.org\/{rel}","templated":true}]}}