{"id":8816,"date":"2018-07-20T18:42:41","date_gmt":"2018-07-20T16:42:41","guid":{"rendered":"https:\/\/www.visioneyes.ro\/?post_type=product&#038;p=8816"},"modified":"2022-05-23T17:48:49","modified_gmt":"2022-05-23T15:48:49","slug":"ochelari-de-soare-barbati-polaroid17-pld-2037-s-m3q-c3","status":"publish","type":"product","link":"https:\/\/www.visioneyes.ro\/en\/shop-online\/ochelari-de-soare-barbati-polaroid17-pld-2037-s-m3q-c3\/","title":{"rendered":"Ochelari de soare barbati POLAROID17 PLD 2037\/S M3Q C3"},"content":{"rendered":"<h3>Descriere Ochelari de soare barbati POLAROID17 PLD 2037\/S M3Q C3 de la Polaroid<\/h3>\n<h3>Caracteristici<\/h3>\n<table class=\"table table-striped\">\n<tbody>\n<tr>\n<td class=\"col-xs-6 col-sm-4 text-gray\">Producator<\/td>\n<td class=\"col-xs-6 col-sm-8\">Polaroid<\/td>\n<\/tr>\n<tr>\n<td class=\"col-xs-6 col-sm-4 text-gray\">Model<\/td>\n<td class=\"col-xs-6 col-sm-8\">PLD 2037\/S M3Q C3<\/td>\n<\/tr>\n<tr>\n<td class=\"col-xs-6 col-sm-4 text-gray\">Pentru<\/td>\n<td class=\"col-xs-6 col-sm-8\">Barbati<\/td>\n<\/tr>\n<tr>\n<td class=\"col-xs-6 col-sm-4 text-gray\">Stil rama<\/td>\n<td class=\"col-xs-6 col-sm-8\">Wayfarer<\/td>\n<\/tr>\n<tr>\n<td class=\"col-xs-6 col-sm-4 text-gray\">Culoare rama<\/td>\n<td class=\"col-xs-6 col-sm-8\">Albastru<\/td>\n<\/tr>\n<tr>\n<td class=\"col-xs-6 col-sm-4 text-gray\">Culoare lentile<\/td>\n<td class=\"col-xs-6 col-sm-8\">Gri<\/td>\n<\/tr>\n<tr>\n<td class=\"col-xs-6 col-sm-4 text-gray\">Marime<\/td>\n<td class=\"col-xs-6 col-sm-8\">54<\/td>\n<\/tr>\n<tr>\n<td class=\"col-xs-6 col-sm-4 text-gray\">Material rama<\/td>\n<td class=\"col-xs-6 col-sm-8\">Acetat<\/td>\n<\/tr>\n<tr>\n<td class=\"col-xs-6 col-sm-4 text-gray\">Tip lentila<\/td>\n<td class=\"col-xs-6 col-sm-8\">Polarizata<\/td>\n<\/tr>\n<tr>\n<td class=\"col-xs-6 col-sm-4 text-gray\">Tip rama<\/td>\n<td class=\"col-xs-6 col-sm-8\">Rama completa<\/td>\n<\/tr>\n<tr>\n<td class=\"col-xs-6 col-sm-4 text-gray\">Garantie<\/td>\n<td class=\"col-xs-6 col-sm-8\">24 luni<\/td>\n<\/tr>\n<\/tbody>\n<\/table>\n<p><b>Dimensiuni<\/b><\/p>\n<div>\n<table border=\"0\" cellspacing=\"0\" cellpadding=\"0\">\n<tbody>\n<tr>\n<td><span class=\"f_name\">Inaltime lentile<\/span><br \/>\n<b> &#8212; mm<\/b><\/td>\n<td><span class=\"f_name\">Latime rama\u00a0<\/span><br \/>\n<b>&#8212; mm<\/b><\/td>\n<td><span class=\"f_name\">Latime lentile<\/span><br \/>\n<b>54 mm<\/b><\/td>\n<td><span class=\"f_name\">Lungime brate<\/span><br \/>\n<b>140 mm<\/b><\/td>\n<td><span class=\"f_name\">Punte nazala<\/span><br \/>\n<b>18 mm<\/b><\/td>\n<\/tr>\n<tr>\n<td><img src=\"https:\/\/lensa.ro\/image\/data\/icons\/inaltime-lentile.jpg\" alt=\"Inaltime lentile\" \/><\/td>\n<td><img src=\"https:\/\/lensa.ro\/image\/data\/icons\/latime-lentile.jpg\" alt=\"Latime\" \/><\/td>\n<td><img src=\"https:\/\/lensa.ro\/image\/data\/icons\/latamie-ochelari.jpg\" alt=\"Latime lentile\" \/><\/td>\n<td><img src=\"https:\/\/lensa.ro\/image\/data\/icons\/lungime-brate.jpg\" alt=\"Lungime brate\" \/><\/td>\n<td><img src=\"https:\/\/lensa.ro\/image\/data\/icons\/punte-nazala.jpg\" alt=\"Punte nazala\" \/><\/td>\n<\/tr>\n<\/tbody>\n<\/table>\n<div>\n<p>Utilizare recomandata:<\/p>\n<p>\u2013 accesorizeaza foarte bine tinutele casual, dar nu numai, de fiecare data cand te expui la soare;<br \/>\n\u2013 ideali pentru agrementul estival (plaja, etc.), dar si pentru alte forme de distractie in care vrei sa iti pui in valoare fizionomia<\/p>\n<p>Produsul este nou si comercializat in ambalajul original al producatorului.<br \/>\n<strong><br \/>\nMai mult dec\u00e2t at\u00e2t, la noi po\u0163i cump\u0103ra lentilele de soare polarizate cu dioptrii, la un pre\u0163 imbatabil. Tot ceea de ce ai nevoie sunt valorile actuale de dioptrii, care \u00ee\u0163i pot fi furnizate de un doctor oftalmolog de \u00eencredere sau poti venii in magazinul nostru din Vulcan Value Centre pentru o determinare de dioptrii.<\/strong><\/p>\n<\/div>\n<\/div>\n","protected":false},"excerpt":{"rendered":"<p>Descriere Ochelari de soare barbati POLAROID17 PLD 2037\/S M3Q C3 de la Polaroid Caracteristici Producator Polaroid Model PLD 2037\/S M3Q C3 Pentru Barbati Stil rama Wayfarer Culoare rama Albastru Culoare lentile Gri Marime 54 Material rama Acetat Tip lentila Polarizata Tip rama Rama completa Garantie 24 luni Dimensiuni Inaltime lentile &#8212; mm Latime rama\u00a0 &#8212; [&#8230;]\n","protected":false},"featured_media":8817,"comment_status":"open","ping_status":"closed","template":"","meta":[],"yoast_head":"<!-- This site is optimized with the Yoast SEO plugin v15.5 - https:\/\/yoast.com\/wordpress\/plugins\/seo\/ -->\n<title>Ochelari de soare barbati POLAROID17 PLD 2037\/S M3Q C3 - Sun glasses, Contact Lenses, Eye glasses, Eyeglass Frames | VisionEyes<\/title>\n<meta name=\"robots\" content=\"index, follow, max-snippet:-1, max-image-preview:large, max-video-preview:-1\" \/>\n<link rel=\"canonical\" href=\"https:\/\/www.visioneyes.ro\/shop-online\/ochelari-de-soare-barbati-polaroid17-pld-2037-s-m3q-c3\/\" \/>\n<meta property=\"og:locale\" content=\"en_US\" \/>\n<meta property=\"og:type\" content=\"article\" \/>\n<meta property=\"og:title\" content=\"Ochelari de soare barbati POLAROID17 PLD 2037\/S M3Q C3 - Sun glasses, Contact Lenses, Eye glasses, Eyeglass Frames | VisionEyes\" \/>\n<meta property=\"og:description\" content=\"Descriere Ochelari de soare barbati POLAROID17 PLD 2037\/S M3Q C3 de la Polaroid Caracteristici Producator Polaroid Model PLD 2037\/S M3Q C3 Pentru Barbati Stil rama Wayfarer Culoare rama Albastru Culoare lentile Gri Marime 54 Material rama Acetat Tip lentila Polarizata Tip rama Rama completa Garantie 24 luni Dimensiuni Inaltime lentile &#8212; mm Latime rama\u00a0 &#8212; [...]\" \/>\n<meta property=\"og:url\" content=\"https:\/\/www.visioneyes.ro\/shop-online\/ochelari-de-soare-barbati-polaroid17-pld-2037-s-m3q-c3\/\" \/>\n<meta property=\"og:site_name\" content=\"Sun glasses, Contact Lenses, Eye glasses, Eyeglass Frames | VisionEyes\" \/>\n<meta property=\"article:modified_time\" content=\"2022-05-23T15:48:49+00:00\" \/>\n<meta property=\"og:image\" content=\"https:\/\/www.visioneyes.ro\/wp-content\/uploads\/polaroid-ochelari-de-soare-barbati-polaroid-pld-2037-s-m3qc3-10358.jpeg\" \/>\n\t<meta property=\"og:image:width\" content=\"900\" \/>\n\t<meta property=\"og:image:height\" content=\"900\" \/>\n<meta name=\"twitter:card\" content=\"summary_large_image\" \/>\n<meta name=\"twitter:label1\" content=\"Est. reading time\">\n\t<meta name=\"twitter:data1\" content=\"1 minute\">\n<script type=\"application\/ld+json\" class=\"yoast-schema-graph\">{\"@context\":\"https:\/\/schema.org\",\"@graph\":[{\"@type\":\"WebSite\",\"@id\":\"https:\/\/www.visioneyes.ro\/#website\",\"url\":\"https:\/\/www.visioneyes.ro\/\",\"name\":\"Sun glasses, Contact Lenses, Eye glasses, Eyeglass Frames | VisionEyes\",\"description\":\"\",\"potentialAction\":[{\"@type\":\"SearchAction\",\"target\":\"https:\/\/www.visioneyes.ro\/?s={search_term_string}\",\"query-input\":\"required name=search_term_string\"}],\"inLanguage\":\"en-US\"},{\"@type\":\"ImageObject\",\"@id\":\"https:\/\/www.visioneyes.ro\/shop-online\/ochelari-de-soare-barbati-polaroid17-pld-2037-s-m3q-c3\/#primaryimage\",\"inLanguage\":\"en-US\",\"url\":\"https:\/\/www.visioneyes.ro\/wp-content\/uploads\/polaroid-ochelari-de-soare-barbati-polaroid-pld-2037-s-m3qc3-10358.jpeg\",\"width\":900,\"height\":900},{\"@type\":\"WebPage\",\"@id\":\"https:\/\/www.visioneyes.ro\/shop-online\/ochelari-de-soare-barbati-polaroid17-pld-2037-s-m3q-c3\/#webpage\",\"url\":\"https:\/\/www.visioneyes.ro\/shop-online\/ochelari-de-soare-barbati-polaroid17-pld-2037-s-m3q-c3\/\",\"name\":\"Ochelari de soare barbati POLAROID17 PLD 2037\/S M3Q C3 - Sun glasses, Contact Lenses, Eye glasses, Eyeglass Frames | VisionEyes\",\"isPartOf\":{\"@id\":\"https:\/\/www.visioneyes.ro\/#website\"},\"primaryImageOfPage\":{\"@id\":\"https:\/\/www.visioneyes.ro\/shop-online\/ochelari-de-soare-barbati-polaroid17-pld-2037-s-m3q-c3\/#primaryimage\"},\"datePublished\":\"2018-07-20T16:42:41+00:00\",\"dateModified\":\"2022-05-23T15:48:49+00:00\",\"inLanguage\":\"en-US\",\"potentialAction\":[{\"@type\":\"ReadAction\",\"target\":[\"https:\/\/www.visioneyes.ro\/shop-online\/ochelari-de-soare-barbati-polaroid17-pld-2037-s-m3q-c3\/\"]}]}]}<\/script>\n<!-- \/ Yoast SEO plugin. -->","_links":{"self":[{"href":"https:\/\/www.visioneyes.ro\/en\/wp-json\/wp\/v2\/product\/8816"}],"collection":[{"href":"https:\/\/www.visioneyes.ro\/en\/wp-json\/wp\/v2\/product"}],"about":[{"href":"https:\/\/www.visioneyes.ro\/en\/wp-json\/wp\/v2\/types\/product"}],"replies":[{"embeddable":true,"href":"https:\/\/www.visioneyes.ro\/en\/wp-json\/wp\/v2\/comments?post=8816"}],"wp:featuredmedia":[{"embeddable":true,"href":"https:\/\/www.visioneyes.ro\/en\/wp-json\/wp\/v2\/media\/8817"}],"wp:attachment":[{"href":"https:\/\/www.visioneyes.ro\/en\/wp-json\/wp\/v2\/media?parent=8816"}],"curies":[{"name":"wp","href":"https:\/\/api.w.org\/{rel}","templated":true}]}}