{"id":883,"date":"2017-01-04T22:41:32","date_gmt":"2017-01-04T19:41:32","guid":{"rendered":"https:\/\/www.visioneyes.ro\/?post_type=product&#038;p=883"},"modified":"2017-02-16T17:56:03","modified_gmt":"2017-02-16T14:56:03","slug":"rame-ochelari-de-vedere-barbati-carrera-s-ca5529-99l-matt-bron","status":"publish","type":"product","link":"https:\/\/www.visioneyes.ro\/en\/shop-online\/rame-ochelari-de-vedere-barbati-carrera-s-ca5529-99l-matt-bron\/","title":{"rendered":"Rame ochelari de vedere barbati CARRERA (S) CA5529 99L MATT BRON"},"content":{"rendered":"<h3>Descriere Rame ochelari de vedere barbati CARRERA (S) CA5529 99L MATT BRON de la Carrera<\/h3>\n<div class=\"long-description\">\n<p><b>Dimensiuni<\/b><\/p>\n<div>\n<table border=\"0\" cellspacing=\"0\" cellpadding=\"0\">\n<tbody>\n<tr>\n<td><span class=\"f_name\">Inaltime lentile<\/span><br \/>\n<b> &#8212; mm<\/b><\/td>\n<td><span class=\"f_name\">Latime rama <\/span><br \/>\n<b> &#8212; mm<\/b><\/td>\n<td><span class=\"f_name\">Latime lentile<\/span><br \/>\n<b>52 mm<\/b><\/td>\n<td><span class=\"f_name\">Lungime brate<\/span><br \/>\n<b>145 mm<\/b><\/td>\n<td><span class=\"f_name\">Punte nazala<\/span><br \/>\n<b>20 mm<\/b><\/td>\n<\/tr>\n<tr>\n<td><img src=\"https:\/\/lensa.ro\/image\/data\/icons\/inaltime-lentile.jpg\" alt=\"Inaltime lentile\" \/><\/td>\n<td><img src=\"https:\/\/lensa.ro\/image\/data\/icons\/latime-lentile.jpg\" alt=\"Latime\" \/><\/td>\n<td><img src=\"https:\/\/lensa.ro\/image\/data\/icons\/latamie-ochelari.jpg\" alt=\"Latime lentile\" \/><\/td>\n<td><img src=\"https:\/\/lensa.ro\/image\/data\/icons\/lungime-brate.jpg\" alt=\"Lungime brate\" \/><\/td>\n<td><img src=\"https:\/\/lensa.ro\/image\/data\/icons\/punte-nazala.jpg\" alt=\"Punte nazala\" \/><\/td>\n<\/tr>\n<\/tbody>\n<\/table>\n<\/div>\n<p><u><strong> Rame ochelari de vedere barbati CARRERA (S) CA5529 99L MATT BRON<\/strong><\/u><\/p>\n<p>RAMELE VIN LA COMANDA IN 5-8 ZILE LUCRATOARE<\/p>\n<p>Pretul afisat include toate taxele!<\/p>\n<p>Culoare rama: Maro<br \/>\nMaterial: Metal<br \/>\nStil: Rectangulari<br \/>\nTip rama: Intreaga<br \/>\nVin impreuna cu un toc Carrera.<br \/>\nRamele beneficiaza de garantie 1 an.<\/p>\n<\/div>\n<p>Produsul este nou si comercializat in ambalajul original al producatorului.<\/p>\n<p>Mai mult dec\u00e2t at\u00e2t, la noi po\u0163i cump\u0103ra lentilele perfecte de vedere, la un pre\u0163 imbatabil. Tot ceea de ce ai nevoie sunt valorile actuale de dioptrii, care \u00ee\u0163i pot fi furnizate de un doctor oftalmolog de \u00eencredere sau poti venii in magazinul nostru din Vulcan Value Centre pentru o determinare de dioptrii.<\/p>\n","protected":false},"excerpt":{"rendered":"<p>Descriere Rame ochelari de vedere barbati CARRERA (S) CA5529 99L MATT BRON de la Carrera Dimensiuni Inaltime lentile &#8212; mm Latime rama &#8212; mm Latime lentile 52 mm Lungime brate 145 mm Punte nazala 20 mm Rame ochelari de vedere barbati CARRERA (S) CA5529 99L MATT BRON RAMELE VIN LA COMANDA IN 5-8 ZILE LUCRATOARE [&#8230;]\n","protected":false},"featured_media":884,"comment_status":"open","ping_status":"closed","template":"","meta":[],"yoast_head":"<!-- This site is optimized with the Yoast SEO plugin v15.5 - https:\/\/yoast.com\/wordpress\/plugins\/seo\/ -->\n<title>Rame ochelari de vedere barbati CARRERA (S) CA5529 99L MATT BRON - Sun glasses, Contact Lenses, Eye glasses, Eyeglass Frames | VisionEyes<\/title>\n<meta name=\"robots\" content=\"index, follow, max-snippet:-1, max-image-preview:large, max-video-preview:-1\" \/>\n<link rel=\"canonical\" href=\"https:\/\/www.visioneyes.ro\/shop-online\/rame-ochelari-de-vedere-barbati-carrera-s-ca5529-99l-matt-bron\/\" \/>\n<meta property=\"og:locale\" content=\"en_US\" \/>\n<meta property=\"og:type\" content=\"article\" \/>\n<meta property=\"og:title\" content=\"Rame ochelari de vedere barbati CARRERA (S) CA5529 99L MATT BRON - Sun glasses, Contact Lenses, Eye glasses, Eyeglass Frames | VisionEyes\" \/>\n<meta property=\"og:description\" content=\"Descriere Rame ochelari de vedere barbati CARRERA (S) CA5529 99L MATT BRON de la Carrera Dimensiuni Inaltime lentile &#8212; mm Latime rama &#8212; mm Latime lentile 52 mm Lungime brate 145 mm Punte nazala 20 mm Rame ochelari de vedere barbati CARRERA (S) CA5529 99L MATT BRON RAMELE VIN LA COMANDA IN 5-8 ZILE LUCRATOARE [...]\" \/>\n<meta property=\"og:url\" content=\"https:\/\/www.visioneyes.ro\/shop-online\/rame-ochelari-de-vedere-barbati-carrera-s-ca5529-99l-matt-bron\/\" \/>\n<meta property=\"og:site_name\" content=\"Sun glasses, Contact Lenses, Eye glasses, Eyeglass Frames | VisionEyes\" \/>\n<meta property=\"article:modified_time\" content=\"2017-02-16T14:56:03+00:00\" \/>\n<meta property=\"og:image\" content=\"https:\/\/www.visioneyes.ro\/wp-content\/uploads\/carrera-rame-ochelari-de-vedere-barbati-carrera-s-ca5529-99l-matt-bron-5038.jpeg\" \/>\n\t<meta property=\"og:image:width\" content=\"900\" \/>\n\t<meta property=\"og:image:height\" content=\"900\" \/>\n<meta name=\"twitter:card\" content=\"summary_large_image\" \/>\n<meta name=\"twitter:label1\" content=\"Est. reading time\">\n\t<meta name=\"twitter:data1\" content=\"1 minute\">\n<script type=\"application\/ld+json\" class=\"yoast-schema-graph\">{\"@context\":\"https:\/\/schema.org\",\"@graph\":[{\"@type\":\"WebSite\",\"@id\":\"https:\/\/www.visioneyes.ro\/#website\",\"url\":\"https:\/\/www.visioneyes.ro\/\",\"name\":\"Sun glasses, Contact Lenses, Eye glasses, Eyeglass Frames | VisionEyes\",\"description\":\"\",\"potentialAction\":[{\"@type\":\"SearchAction\",\"target\":\"https:\/\/www.visioneyes.ro\/?s={search_term_string}\",\"query-input\":\"required name=search_term_string\"}],\"inLanguage\":\"en-US\"},{\"@type\":\"ImageObject\",\"@id\":\"https:\/\/www.visioneyes.ro\/shop-online\/rame-ochelari-de-vedere-barbati-carrera-s-ca5529-99l-matt-bron\/#primaryimage\",\"inLanguage\":\"en-US\",\"url\":\"https:\/\/www.visioneyes.ro\/wp-content\/uploads\/carrera-rame-ochelari-de-vedere-barbati-carrera-s-ca5529-99l-matt-bron-5038.jpeg\",\"width\":900,\"height\":900},{\"@type\":\"WebPage\",\"@id\":\"https:\/\/www.visioneyes.ro\/shop-online\/rame-ochelari-de-vedere-barbati-carrera-s-ca5529-99l-matt-bron\/#webpage\",\"url\":\"https:\/\/www.visioneyes.ro\/shop-online\/rame-ochelari-de-vedere-barbati-carrera-s-ca5529-99l-matt-bron\/\",\"name\":\"Rame ochelari de vedere barbati CARRERA (S) CA5529 99L MATT BRON - Sun glasses, Contact Lenses, Eye glasses, Eyeglass Frames | VisionEyes\",\"isPartOf\":{\"@id\":\"https:\/\/www.visioneyes.ro\/#website\"},\"primaryImageOfPage\":{\"@id\":\"https:\/\/www.visioneyes.ro\/shop-online\/rame-ochelari-de-vedere-barbati-carrera-s-ca5529-99l-matt-bron\/#primaryimage\"},\"datePublished\":\"2017-01-04T19:41:32+00:00\",\"dateModified\":\"2017-02-16T14:56:03+00:00\",\"inLanguage\":\"en-US\",\"potentialAction\":[{\"@type\":\"ReadAction\",\"target\":[\"https:\/\/www.visioneyes.ro\/shop-online\/rame-ochelari-de-vedere-barbati-carrera-s-ca5529-99l-matt-bron\/\"]}]}]}<\/script>\n<!-- \/ Yoast SEO plugin. -->","_links":{"self":[{"href":"https:\/\/www.visioneyes.ro\/en\/wp-json\/wp\/v2\/product\/883"}],"collection":[{"href":"https:\/\/www.visioneyes.ro\/en\/wp-json\/wp\/v2\/product"}],"about":[{"href":"https:\/\/www.visioneyes.ro\/en\/wp-json\/wp\/v2\/types\/product"}],"replies":[{"embeddable":true,"href":"https:\/\/www.visioneyes.ro\/en\/wp-json\/wp\/v2\/comments?post=883"}],"wp:featuredmedia":[{"embeddable":true,"href":"https:\/\/www.visioneyes.ro\/en\/wp-json\/wp\/v2\/media\/884"}],"wp:attachment":[{"href":"https:\/\/www.visioneyes.ro\/en\/wp-json\/wp\/v2\/media?parent=883"}],"curies":[{"name":"wp","href":"https:\/\/api.w.org\/{rel}","templated":true}]}}