{"id":9771,"date":"2019-05-16T16:55:18","date_gmt":"2019-05-16T13:55:18","guid":{"rendered":"https:\/\/www.visioneyes.ro\/?post_type=product&#038;p=9771"},"modified":"2019-05-16T16:55:21","modified_gmt":"2019-05-16T13:55:21","slug":"ochelari-de-soare-vogue-vo4085s-280-87","status":"publish","type":"product","link":"https:\/\/www.visioneyes.ro\/en\/shop-online\/ochelari-de-soare-vogue-vo4085s-280-87\/","title":{"rendered":"Ochelari de soare Vogue VO4085S 280\/87"},"content":{"rendered":"<div class=\"eoFontsizeXL eoTextBold\"><span style=\"font-size: 130%;\"><strong>VO 4085S Informatii modele<\/strong><\/span><\/div>\n<table class=\"eoDetailPropertyListTable\" width=\"95%\">\n<tbody>\n<tr class=\"eoDetailItem eoFontSizeS\">\n<td>Dimensiuni &amp; Detalii<\/td>\n<td><span id=\"InfoSizeLabel678153\" class=\"sizeInfoRows\">S<\/span><\/td>\n<\/tr>\n<tr class=\"eoDetailItem eoFontSizeS\">\n<td>Dimensiunea lentilei<\/td>\n<td><span id=\"InfoLensSize678153\" class=\"sizeInfoRows\">50<\/span><\/td>\n<\/tr>\n<tr class=\"eoDetailItem eoFontSizeS\">\n<td>Dimensiunea ramei \u00eentre lentile<\/td>\n<td><span id=\"InfoBridgeSize678153\" class=\"sizeInfoRows\">19<\/span><\/td>\n<\/tr>\n<tr class=\"eoDetailItem eoFontSizeS\">\n<td>Lungimea tijei<\/td>\n<td><span id=\"InfoTempleSize678153\" class=\"sizeInfoRows\">135<\/span><\/td>\n<\/tr>\n<tr class=\"eoDetailItem eoFontSizeS\">\n<td class=\"eoDetailFeatureName\">Genul<\/td>\n<td class=\"eoDetailFeature\">Femei<\/td>\n<\/tr>\n<tr class=\"eoDetailItem eoFontSizeS\">\n<td class=\"eoDetailFeatureName\">Tipul ramei<\/td>\n<td class=\"eoDetailFeature\">Ram\u0103 complet\u0103<\/td>\n<\/tr>\n<tr class=\"eoDetailItem eoFontSizeS\">\n<td class=\"eoDetailFeatureName\">Lentile<\/td>\n<td class=\"eoDetailFeature\">Posibilitate de montare lentile de corec\u0163ie<\/td>\n<\/tr>\n<tr class=\"eoDetailItem eoFontSizeS\">\n<td class=\"eoDetailFeatureName\">Culoare rame<\/td>\n<td class=\"eoDetailFeature\">Gold<\/td>\n<\/tr>\n<tr class=\"eoDetailItem eoFontSizeS\">\n<td class=\"eoDetailFeatureName\">Culoarea lentilei<\/td>\n<td class=\"eoDetailFeature\">Grey<\/td>\n<\/tr>\n<\/tbody>\n<\/table>\n<p>Ace\u015fti ochelari de soare sunt accesoriul perfect pentru orele de relaxare la plaj\u0103, \u00een drumul c\u0103tre birou sau plimb\u0103rile cu prietenii prin ora\u015f. Exist\u0103 \u00eens\u0103 \u015fi un dezavantaj: cu siguran\u0163\u0103 vei atrage pe ici-colo \u015fi c\u00e2teva priviri invidioase. Modelul VO4085S este lansat de cur\u00e2nd pe pia\u0163\u0103 \u00een 2018, a\u015fa \u00eenc\u00e2t cu siguran\u0163\u0103 vei fi la ultimul r\u0103cnet cu ace\u015fti ochelari. Modelul de ochelari VO4085S este disponibil \u00een shop-ul online OptiEyes \u015fi \u00een alte variante \u015fic de la <b>Vogue<\/b>, din colec\u0163iile 2017 \u015fi 2018.<\/p>\n<p>Prin acest model de ochelari, designerii se adreseaz\u0103 mai ales\u00a0<b>doamnelor<\/b>, care se simt \u00een largul lor \u00een marile metropole ale lumii. Cine mai are timp s\u0103 se g\u00e2ndeasc\u0103 la \u201eMr. Right\u201c? Acum este mai important\u0103 stabilirea stilului perfect pentru 2018!Cu acest model de ochelari cu rame\u00a0<b>complete<\/b>\u00a0faci pe oricine s\u0103 \u00een\u0163eleag\u0103, f\u0103r\u0103 dubii, c\u0103 nu accep\u0163i jum\u0103t\u0103\u0163iile de m\u0103sur\u0103!\u00a0<b>Ochelarii rotunzi <\/b>confer\u0103 chipurilor o imagine distinct\u0103, u\u015for de recunoscut. Chiar \u015fi John Lennon \u015ftia acest lucru \u015fi ap\u0103rea \u00een concertele sale extrem de rar f\u0103r\u0103 ace\u015ftia. Harry Potter nu ar mai fi cu siguran\u0163\u0103 acela\u015fi, f\u0103r\u0103 renumi\u0163ii s\u0103i ochelari. Datorit\u0103 formei sale, modelul VO4085S are o \u201evalabilitate\u201d etern\u0103, pentru c\u0103\u00a0<b>ochelarii rotunzi<\/b>\u00a0nu vor ie\u015fi niciodat\u0103 din mod\u0103! Ace\u015fti ochelari de marc\u0103 confer\u0103 desigur \u015fi o protec\u0163ia\u00a0<b>UV400<\/b>\u00a0optim\u0103 pentru ochii t\u0103i<\/p>\n","protected":false},"excerpt":{"rendered":"<p>VO 4085S Informatii modele Dimensiuni &amp; Detalii S Dimensiunea lentilei 50 Dimensiunea ramei \u00eentre lentile 19 Lungimea tijei 135 Genul Femei Tipul ramei Ram\u0103 complet\u0103 Lentile Posibilitate de montare lentile de corec\u0163ie Culoare rame Gold Culoarea lentilei Grey Ace\u015fti ochelari de soare sunt accesoriul perfect pentru orele de relaxare la plaj\u0103, \u00een drumul c\u0103tre birou [&#8230;]\n","protected":false},"featured_media":9772,"comment_status":"open","ping_status":"closed","template":"","meta":[],"yoast_head":"<!-- This site is optimized with the Yoast SEO plugin v15.5 - https:\/\/yoast.com\/wordpress\/plugins\/seo\/ -->\n<title>Ochelari de soare Vogue VO4085S 280\/87 - Sun glasses, Contact Lenses, Eye glasses, Eyeglass Frames | VisionEyes<\/title>\n<meta name=\"robots\" content=\"index, follow, max-snippet:-1, max-image-preview:large, max-video-preview:-1\" \/>\n<link rel=\"canonical\" href=\"https:\/\/www.visioneyes.ro\/shop-online\/ochelari-de-soare-vogue-vo4085s-280-87\/\" \/>\n<meta property=\"og:locale\" content=\"en_US\" \/>\n<meta property=\"og:type\" content=\"article\" \/>\n<meta property=\"og:title\" content=\"Ochelari de soare Vogue VO4085S 280\/87 - Sun glasses, Contact Lenses, Eye glasses, Eyeglass Frames | VisionEyes\" \/>\n<meta property=\"og:description\" content=\"VO 4085S Informatii modele Dimensiuni &amp; Detalii S Dimensiunea lentilei 50 Dimensiunea ramei \u00eentre lentile 19 Lungimea tijei 135 Genul Femei Tipul ramei Ram\u0103 complet\u0103 Lentile Posibilitate de montare lentile de corec\u0163ie Culoare rame Gold Culoarea lentilei Grey Ace\u015fti ochelari de soare sunt accesoriul perfect pentru orele de relaxare la plaj\u0103, \u00een drumul c\u0103tre birou [...]\" \/>\n<meta property=\"og:url\" content=\"https:\/\/www.visioneyes.ro\/shop-online\/ochelari-de-soare-vogue-vo4085s-280-87\/\" \/>\n<meta property=\"og:site_name\" content=\"Sun glasses, Contact Lenses, Eye glasses, Eyeglass Frames | VisionEyes\" \/>\n<meta property=\"article:modified_time\" content=\"2019-05-16T13:55:21+00:00\" \/>\n<meta property=\"og:image\" content=\"https:\/\/www.visioneyes.ro\/wp-content\/uploads\/Vogue-VO4085S-280-87.jpg\" \/>\n\t<meta property=\"og:image:width\" content=\"1024\" \/>\n\t<meta property=\"og:image:height\" content=\"533\" \/>\n<meta name=\"twitter:card\" content=\"summary_large_image\" \/>\n<meta name=\"twitter:label1\" content=\"Est. reading time\">\n\t<meta name=\"twitter:data1\" content=\"1 minute\">\n<script type=\"application\/ld+json\" class=\"yoast-schema-graph\">{\"@context\":\"https:\/\/schema.org\",\"@graph\":[{\"@type\":\"WebSite\",\"@id\":\"https:\/\/www.visioneyes.ro\/#website\",\"url\":\"https:\/\/www.visioneyes.ro\/\",\"name\":\"Sun glasses, Contact Lenses, Eye glasses, Eyeglass Frames | VisionEyes\",\"description\":\"\",\"potentialAction\":[{\"@type\":\"SearchAction\",\"target\":\"https:\/\/www.visioneyes.ro\/?s={search_term_string}\",\"query-input\":\"required name=search_term_string\"}],\"inLanguage\":\"en-US\"},{\"@type\":\"ImageObject\",\"@id\":\"https:\/\/www.visioneyes.ro\/shop-online\/ochelari-de-soare-vogue-vo4085s-280-87\/#primaryimage\",\"inLanguage\":\"en-US\",\"url\":\"https:\/\/www.visioneyes.ro\/wp-content\/uploads\/Vogue-VO4085S-280-87.jpg\",\"width\":1024,\"height\":533},{\"@type\":\"WebPage\",\"@id\":\"https:\/\/www.visioneyes.ro\/shop-online\/ochelari-de-soare-vogue-vo4085s-280-87\/#webpage\",\"url\":\"https:\/\/www.visioneyes.ro\/shop-online\/ochelari-de-soare-vogue-vo4085s-280-87\/\",\"name\":\"Ochelari de soare Vogue VO4085S 280\/87 - Sun glasses, Contact Lenses, Eye glasses, Eyeglass Frames | VisionEyes\",\"isPartOf\":{\"@id\":\"https:\/\/www.visioneyes.ro\/#website\"},\"primaryImageOfPage\":{\"@id\":\"https:\/\/www.visioneyes.ro\/shop-online\/ochelari-de-soare-vogue-vo4085s-280-87\/#primaryimage\"},\"datePublished\":\"2019-05-16T13:55:18+00:00\",\"dateModified\":\"2019-05-16T13:55:21+00:00\",\"inLanguage\":\"en-US\",\"potentialAction\":[{\"@type\":\"ReadAction\",\"target\":[\"https:\/\/www.visioneyes.ro\/shop-online\/ochelari-de-soare-vogue-vo4085s-280-87\/\"]}]}]}<\/script>\n<!-- \/ Yoast SEO plugin. -->","_links":{"self":[{"href":"https:\/\/www.visioneyes.ro\/en\/wp-json\/wp\/v2\/product\/9771"}],"collection":[{"href":"https:\/\/www.visioneyes.ro\/en\/wp-json\/wp\/v2\/product"}],"about":[{"href":"https:\/\/www.visioneyes.ro\/en\/wp-json\/wp\/v2\/types\/product"}],"replies":[{"embeddable":true,"href":"https:\/\/www.visioneyes.ro\/en\/wp-json\/wp\/v2\/comments?post=9771"}],"wp:featuredmedia":[{"embeddable":true,"href":"https:\/\/www.visioneyes.ro\/en\/wp-json\/wp\/v2\/media\/9772"}],"wp:attachment":[{"href":"https:\/\/www.visioneyes.ro\/en\/wp-json\/wp\/v2\/media?parent=9771"}],"curies":[{"name":"wp","href":"https:\/\/api.w.org\/{rel}","templated":true}]}}